{"id":88,"date":"2021-09-13T00:00:25","date_gmt":"2021-09-12T21:00:25","guid":{"rendered":"https:\/\/demosites.io\/doctor-gb\/?page_id=88"},"modified":"2024-06-13T09:20:37","modified_gmt":"2024-06-13T06:20:37","slug":"hakkimizda","status":"publish","type":"page","link":"https:\/\/ptnbilisim.com\/en_us\/hakkimizda\/","title":{"rendered":"About"},"content":{"rendered":"<div id=\"wp-block-themeisle-blocks-advanced-columns-1a23c41a\" class=\"wp-block-themeisle-blocks-advanced-columns alignfull has-2-columns has-desktop-equal-layout has-tablet-equal-layout has-mobile-collapsedRows-layout has-vertical-unset\"><div class=\"wp-block-themeisle-blocks-advanced-columns-overlay\"><\/div><div class=\"innerblocks-wrap\">\n<div id=\"wp-block-themeisle-blocks-advanced-column-1f2ed3de\" class=\"wp-block-themeisle-blocks-advanced-column\">\n<h1 class=\"has-nv-site-bg-color has-text-color\">About<\/h1>\n\n\n\n<p class=\"has-nv-site-bg-color has-text-color\" style=\"font-size:21px\">\u201cTo provide trust, respect, value and understanding.\u201d Writer.<\/p>\n<\/div>\n\n\n\n<div id=\"wp-block-themeisle-blocks-advanced-column-5d5f0a81\" class=\"wp-block-themeisle-blocks-advanced-column\"><\/div>\n<\/div><\/div>\n\n\n\n<div id=\"wp-block-themeisle-blocks-advanced-columns-02e102df\" class=\"wp-block-themeisle-blocks-advanced-columns alignfull has-2-columns has-desktop-equal-layout has-tablet-equal-layout has-mobile-collapsedRows-layout has-vertical-unset\"><div class=\"wp-block-themeisle-blocks-advanced-columns-overlay\"><\/div><div class=\"innerblocks-wrap\">\n<div id=\"wp-block-themeisle-blocks-advanced-column-09299ed9\" class=\"wp-block-themeisle-blocks-advanced-column\">\n<figure class=\"wp-block-image size-full is-resized ticss-d821daa8 is-style-rounded\"><img loading=\"lazy\" src=\"http:\/\/ptnbilisim.com\/wp-content\/uploads\/2021\/09\/ptn-bilisim-kupa-bardak.jpg\" alt=\"\" class=\"wp-image-427\" width=\"400\" height=\"400\" srcset=\"https:\/\/ptnbilisim.com\/wp-content\/uploads\/2021\/09\/ptn-bilisim-kupa-bardak-300x300.jpg 300w, https:\/\/ptnbilisim.com\/wp-content\/uploads\/2021\/09\/ptn-bilisim-kupa-bardak-150x150.jpg 150w\" sizes=\"(max-width: 400px) 100vw, 400px\" \/><\/figure>\n<\/div>\n\n\n\n<div id=\"wp-block-themeisle-blocks-advanced-column-394150e3\" class=\"wp-block-themeisle-blocks-advanced-column\">\n<h2 class=\"has-nv-site-bg-color has-text-color\">Our Mission<\/h2>\n\n\n\n<p class=\"has-nv-site-bg-color has-text-color\">To improve the services we provide and to provide better boutique information services by taking reference from our customers we always support.<\/p>\n\n\n\n<h2 class=\"has-nv-site-bg-color has-text-color\">Our Vision<\/h2>\n\n\n\n<p class=\"has-nv-site-bg-color has-text-color\">To ensure that the ITILv3 structure, which is an ever-evolving process management structure prepared by experts, is applied to SMEs in the most cost-effective and consistent manner.<\/p>\n<\/div>\n<\/div><\/div>\n\n\n\n<div id=\"wp-block-themeisle-blocks-advanced-columns-afbac2a2\" class=\"wp-block-themeisle-blocks-advanced-columns alignfull has-1-columns has-desktop-equal-layout has-tablet-equal-layout has-mobile-equal-layout has-vertical-unset has-dark-bg\"><div class=\"wp-block-themeisle-blocks-advanced-columns-overlay\"><\/div><div class=\"innerblocks-wrap\">\n<div id=\"wp-block-themeisle-blocks-advanced-column-0c081fb3\" class=\"wp-block-themeisle-blocks-advanced-column\">\n<h3 class=\"has-text-align-center has-white-color has-text-color\">Confidence IT solutions for the future\u2026<\/h3>\n\n\n\n<p class=\"has-nv-site-bg-color has-text-color\">As Projecttechnet (PTN B\u0130L\u0130\u015e\u0130M), our experience has always taken us one step further.<\/p>\n\n\n\n<p class=\"has-nv-site-bg-color has-text-color\">&nbsp;&nbsp;&nbsp;&nbsp;&nbsp;&nbsp;&nbsp;&nbsp;&nbsp; \u201cTrust, respect, value and understanding\u201d is written in chalk on our green board in our office, these are our basic principles. We aim to provide our services within these principles. We are in a dynamic structure right now. Our goal is to always remain a dynamic structure.<\/p>\n\n\n\n<p class=\"has-nv-site-bg-color has-text-color\">&nbsp;&nbsp;&nbsp;&nbsp;&nbsp;&nbsp;&nbsp;&nbsp;&nbsp; The development of the IT world will never stop, so a dynamic structure is imperative in this process.<\/p>\n\n\n\n<p class=\"has-nv-site-bg-color has-text-color\">&nbsp;&nbsp;&nbsp;&nbsp;&nbsp;&nbsp;&nbsp;&nbsp;&nbsp;&nbsp;&nbsp;&nbsp; As Projecttechnet, our philosophy is based on quality and trust. In any business process, we set out by adopting this philosophy as a principle.<\/p>\n\n\n\n<p class=\"has-nv-site-bg-color has-text-color\">Outsourced IT staff hosting, Technical Support, Ongoing Maintenance Service, Field service, Network and Security Services, Microsoft Server and Client-based Services, PC and Peripherals Installation Service, Server and Network equipment Installation, Configuration and Analysis Processes are some of our services.<\/p>\n\n\n\n<p class=\"has-nv-site-bg-color has-text-color\">&nbsp;&nbsp;&nbsp;&nbsp;&nbsp;&nbsp;&nbsp;&nbsp;&nbsp; Support for determining the compliance with the requirements by analyzing the information systems installed or planned to be established within the company in terms of operating system, necessary software and hardware is the beginning of our BOUTIQUE IT process.<\/p>\n\n\n\n<p class=\"has-nv-site-bg-color has-text-color\">&nbsp;&nbsp;&nbsp;&nbsp;&nbsp;&nbsp;&nbsp;&nbsp;&nbsp; ITIL processes can be reduced from corporate to SMEs with our experienced team.<\/p>\n\n\n\n<p class=\"has-nv-site-bg-color has-text-color\">&nbsp;&nbsp;&nbsp;&nbsp;&nbsp;&nbsp;&nbsp;&nbsp;&nbsp; As Projecttechnet, our goal is to provide BOUTIQUE IT understanding, regardless of Institutional or SME.<\/p>\n\n\n\n<p class=\"has-nv-site-bg-color has-text-color\">Absolute trust, honesty, quality and process statement are inevitable for BUTIK IT to be formed.<\/p>\n\n\n\n<p class=\"has-nv-site-bg-color has-text-color\">&nbsp;&nbsp;&nbsp;&nbsp;&nbsp;&nbsp;&nbsp;&nbsp;&nbsp; As Projecttechnet, we provide management services in corporate and medium-sized IT infrastructure projects.<\/p>\n\n\n\n<p class=\"has-nv-site-bg-color has-text-color\">&nbsp;&nbsp;&nbsp;&nbsp;&nbsp;&nbsp;&nbsp;&nbsp;&nbsp; Project management on System and Network Infrastructures is offered on a turnkey basis by our expert teams.<\/p>\n\n\n\n<p class=\"has-nv-site-bg-color has-text-color\">&nbsp;&nbsp;&nbsp;&nbsp;&nbsp;&nbsp;&nbsp;&nbsp;&nbsp; Our projects are carried out in accordance with the MOF (Microsoft Operations Framework).<\/p>\n\n\n\n<p class=\"has-nv-site-bg-color has-text-color\">&nbsp;&nbsp;&nbsp;&nbsp;&nbsp;&nbsp;&nbsp;&nbsp;&nbsp; In the project processes we are involved in; An absolute plan is made according to the start and end dates. By sticking to this plan as much as possible, our specialist starts the configuration process according to the product used on the project. According to the flow chart, the whole team uses their time as effectively as possible and performs their tests. Before the key is delivered, the project is completed by performing the absolute pre-delivery analysis. It is also a duty to inform you of every step here and to report the necessary information to you.<\/p>\n<\/div>\n<\/div><\/div>\n\n\n\n<div id=\"wp-block-themeisle-blocks-advanced-columns-425f1d8d\" class=\"wp-block-themeisle-blocks-advanced-columns alignfull has-1-columns has-desktop-equal-layout has-tablet-equal-layout has-mobile-equal-layout has-vertical-unset\"><div class=\"wp-block-themeisle-blocks-advanced-columns-overlay\"><\/div><div class=\"innerblocks-wrap\">\n<div id=\"wp-block-themeisle-blocks-advanced-column-63d92c24\" class=\"wp-block-themeisle-blocks-advanced-column\">\n<h2 class=\"has-text-align-center\">Our team<\/h2>\n\n\n\n<hr class=\"wp-block-separator has-text-color has-neve-btn-text-color has-css-opacity has-neve-btn-text-background-color has-background\"\/>\n<\/div>\n<\/div><\/div>\n\n\n\n<div id=\"wp-block-themeisle-blocks-advanced-columns-316bd2df\" class=\"wp-block-themeisle-blocks-advanced-columns alignfull has-3-columns has-desktop-equal-layout has-tablet-equal-layout has-mobile-collapsedRows-layout has-vertical-unset\"><div class=\"wp-block-themeisle-blocks-advanced-columns-overlay\"><\/div><div class=\"innerblocks-wrap\">\n<div id=\"wp-block-themeisle-blocks-advanced-column-8b0c3733\" class=\"wp-block-themeisle-blocks-advanced-column black-link\"><div class=\"wp-block-image\">\n<figure class=\"aligncenter size-full is-resized\"><img loading=\"lazy\" src=\"http:\/\/ptnbilisim.com\/wp-content\/uploads\/2021\/09\/2.png\" alt=\"\" class=\"wp-image-411\" width=\"350\" height=\"350\" srcset=\"https:\/\/ptnbilisim.com\/wp-content\/uploads\/2021\/09\/2.png 616w, https:\/\/ptnbilisim.com\/wp-content\/uploads\/2021\/09\/2-300x300.png 300w, https:\/\/ptnbilisim.com\/wp-content\/uploads\/2021\/09\/2-150x150.png 150w\" sizes=\"(max-width: 350px) 100vw, 350px\" \/><\/figure><\/div>\n\n\n<div id=\"wp-block-themeisle-blocks-advanced-columns-54866590\" class=\"wp-block-themeisle-blocks-advanced-columns has-1-columns has-desktop-equal-layout has-tablet-equal-layout has-mobile-equal-layout has-vertical-unset\"><div class=\"wp-block-themeisle-blocks-advanced-columns-overlay\"><\/div><div class=\"innerblocks-wrap\">\n<div id=\"wp-block-themeisle-blocks-advanced-column-4dd10858\" class=\"wp-block-themeisle-blocks-advanced-column\">\n<h3 class=\"has-text-align-center has-neve-link-color-color has-text-color\"><strong>Metin Ama\u00e7<\/strong><\/h3>\n\n\n\n<p class=\"has-text-align-center\" style=\"font-size:12px\"><strong><strong>IT CONSULTANT<\/strong><\/strong><\/p>\n<\/div>\n<\/div><\/div>\n<\/div>\n\n\n\n<div id=\"wp-block-themeisle-blocks-advanced-column-7a5ecd86\" class=\"wp-block-themeisle-blocks-advanced-column black-link\"><div class=\"wp-block-image\">\n<figure class=\"aligncenter size-full is-resized\"><img loading=\"lazy\" src=\"http:\/\/ptnbilisim.com\/wp-content\/uploads\/2021\/09\/1.png\" alt=\"\" class=\"wp-image-410\" width=\"350\" height=\"350\" srcset=\"https:\/\/ptnbilisim.com\/wp-content\/uploads\/2021\/09\/1.png 616w, https:\/\/ptnbilisim.com\/wp-content\/uploads\/2021\/09\/1-300x300.png 300w, https:\/\/ptnbilisim.com\/wp-content\/uploads\/2021\/09\/1-150x150.png 150w\" sizes=\"(max-width: 350px) 100vw, 350px\" \/><\/figure><\/div>\n\n\n<div id=\"wp-block-themeisle-blocks-advanced-columns-611d49d5\" class=\"wp-block-themeisle-blocks-advanced-columns has-1-columns has-desktop-equal-layout has-tablet-equal-layout has-mobile-equal-layout has-vertical-unset\"><div class=\"wp-block-themeisle-blocks-advanced-columns-overlay\"><\/div><div class=\"innerblocks-wrap\">\n<div id=\"wp-block-themeisle-blocks-advanced-column-a7c430c1\" class=\"wp-block-themeisle-blocks-advanced-column\">\n<h3 class=\"has-text-align-center has-neve-link-color-color has-text-color\"><strong>Samet G\u00fcler<\/strong><\/h3>\n\n\n\n<p class=\"has-text-align-center\" style=\"font-size:12px\"><strong><strong>TECHNICAL CONSULTANT<\/strong><\/strong><\/p>\n<\/div>\n<\/div><\/div>\n<\/div>\n\n\n\n<div id=\"wp-block-themeisle-blocks-advanced-column-17f89faf\" class=\"wp-block-themeisle-blocks-advanced-column black-link\"><div class=\"wp-block-image is-style-rounded\">\n<figure class=\"aligncenter size-full\"><img loading=\"lazy\" width=\"350\" height=\"350\" src=\"https:\/\/ptnbilisim.com\/wp-content\/uploads\/2024\/06\/yigitcan-ak.png\" alt=\"\" class=\"wp-image-1884\" srcset=\"https:\/\/ptnbilisim.com\/wp-content\/uploads\/2024\/06\/yigitcan-ak.png 350w, https:\/\/ptnbilisim.com\/wp-content\/uploads\/2024\/06\/yigitcan-ak-300x300.png 300w, https:\/\/ptnbilisim.com\/wp-content\/uploads\/2024\/06\/yigitcan-ak-150x150.png 150w, https:\/\/ptnbilisim.com\/wp-content\/uploads\/2024\/06\/yigitcan-ak-12x12.png 12w\" sizes=\"(max-width: 350px) 100vw, 350px\" \/><\/figure><\/div>\n\n\n<div id=\"wp-block-themeisle-blocks-advanced-columns-6a6d8126\" class=\"wp-block-themeisle-blocks-advanced-columns has-1-columns has-desktop-equal-layout has-tablet-equal-layout has-mobile-equal-layout has-vertical-unset\"><div class=\"wp-block-themeisle-blocks-advanced-columns-overlay\"><\/div><div class=\"innerblocks-wrap\">\n<div id=\"wp-block-themeisle-blocks-advanced-column-da272eab\" class=\"wp-block-themeisle-blocks-advanced-column\">\n<h3 class=\"has-text-align-center has-neve-link-color-color has-text-color\"><strong>Yi\u011fitcan Ak<\/strong><\/h3>\n\n\n\n<p class=\"has-text-align-center\" style=\"font-size:12px\"><strong><strong>TEKN\u0130K DESTEK SORUMLUSU<\/strong><\/strong><\/p>\n<\/div>\n<\/div><\/div>\n<\/div>\n<\/div><\/div>","protected":false},"excerpt":{"rendered":"","protected":false},"author":1,"featured_media":0,"parent":0,"menu_order":0,"comment_status":"closed","ping_status":"closed","template":"","meta":{"neve_meta_sidebar":"full-width","neve_meta_container":"","neve_meta_enable_content_width":"on","neve_meta_content_width":100,"neve_meta_title_alignment":"","neve_meta_author_avatar":"","neve_post_elements_order":"","neve_meta_disable_header":"","neve_meta_disable_footer":"","neve_meta_disable_title":"on","_themeisle_gutenberg_block_has_review":false},"yoast_head":"<!-- This site is optimized with the Yoast SEO plugin v20.4 - https:\/\/yoast.com\/wordpress\/plugins\/seo\/ -->\n<title>Hakk\u0131m\u0131zda &raquo; PTN Bili\u015fim<\/title>\n<meta name=\"robots\" content=\"index, follow, max-snippet:-1, max-image-preview:large, max-video-preview:-1\" \/>\n<link rel=\"canonical\" href=\"https:\/\/ptnbilisim.com\/en_us\/hakkimizda\/\" \/>\n<meta property=\"og:locale\" content=\"en_US\" \/>\n<meta property=\"og:type\" content=\"article\" \/>\n<meta property=\"og:title\" content=\"Hakk\u0131m\u0131zda &raquo; PTN Bili\u015fim\" \/>\n<meta property=\"og:url\" content=\"https:\/\/ptnbilisim.com\/en_us\/hakkimizda\/\" \/>\n<meta property=\"og:site_name\" content=\"PTN Bili\u015fim\" \/>\n<meta property=\"article:publisher\" content=\"https:\/\/www.facebook.com\/Projecttechnet\" \/>\n<meta property=\"article:modified_time\" content=\"2024-06-13T06:20:37+00:00\" \/>\n<meta property=\"og:image\" content=\"http:\/\/ptnbilisim.com\/wp-content\/uploads\/2021\/09\/ptn-bilisim-kupa-bardak.jpg\" \/>\n<meta name=\"twitter:card\" content=\"summary_large_image\" \/>\n<meta name=\"twitter:site\" content=\"@Projecttechnet\" \/>\n<meta name=\"twitter:label1\" content=\"Est. reading time\" \/>\n\t<meta name=\"twitter:data1\" content=\"3 minutes\" \/>\n<script type=\"application\/ld+json\" class=\"yoast-schema-graph\">{\"@context\":\"https:\/\/schema.org\",\"@graph\":[{\"@type\":\"WebPage\",\"@id\":\"https:\/\/ptnbilisim.com\/hakkimizda\/\",\"url\":\"https:\/\/ptnbilisim.com\/hakkimizda\/\",\"name\":\"Hakk\u0131m\u0131zda &raquo; PTN Bili\u015fim\",\"isPartOf\":{\"@id\":\"https:\/\/ptnbilisim.com\/#website\"},\"datePublished\":\"2021-09-12T21:00:25+00:00\",\"dateModified\":\"2024-06-13T06:20:37+00:00\",\"breadcrumb\":{\"@id\":\"https:\/\/ptnbilisim.com\/hakkimizda\/#breadcrumb\"},\"inLanguage\":\"en-US\",\"potentialAction\":[{\"@type\":\"ReadAction\",\"target\":[\"https:\/\/ptnbilisim.com\/hakkimizda\/\"]}]},{\"@type\":\"BreadcrumbList\",\"@id\":\"https:\/\/ptnbilisim.com\/hakkimizda\/#breadcrumb\",\"itemListElement\":[{\"@type\":\"ListItem\",\"position\":1,\"name\":\"Anasayfa\",\"item\":\"https:\/\/ptnbilisim.com\/\"},{\"@type\":\"ListItem\",\"position\":2,\"name\":\"Hakk\u0131m\u0131zda\"}]},{\"@type\":\"WebSite\",\"@id\":\"https:\/\/ptnbilisim.com\/#website\",\"url\":\"https:\/\/ptnbilisim.com\/\",\"name\":\"PTN Bili\u015fim\",\"description\":\"Yar\u0131na y\u00f6nelik g\u00fcven veren bili\u015fim \u00e7\u00f6z\u00fcmleri...\",\"publisher\":{\"@id\":\"https:\/\/ptnbilisim.com\/#organization\"},\"potentialAction\":[{\"@type\":\"SearchAction\",\"target\":{\"@type\":\"EntryPoint\",\"urlTemplate\":\"https:\/\/ptnbilisim.com\/?s={search_term_string}\"},\"query-input\":\"required name=search_term_string\"}],\"inLanguage\":\"en-US\"},{\"@type\":\"Organization\",\"@id\":\"https:\/\/ptnbilisim.com\/#organization\",\"name\":\"PTN Bili\u015fim\",\"url\":\"https:\/\/ptnbilisim.com\/\",\"logo\":{\"@type\":\"ImageObject\",\"inLanguage\":\"en-US\",\"@id\":\"https:\/\/ptnbilisim.com\/#\/schema\/logo\/image\/\",\"url\":\"https:\/\/i2.wp.com\/ptnbilisim.com\/wp-content\/uploads\/2021\/09\/PTN-Bilisim-Logo.png?fit=2309%2C885&ssl=1\",\"contentUrl\":\"https:\/\/i2.wp.com\/ptnbilisim.com\/wp-content\/uploads\/2021\/09\/PTN-Bilisim-Logo.png?fit=2309%2C885&ssl=1\",\"width\":2309,\"height\":885,\"caption\":\"PTN Bili\u015fim\"},\"image\":{\"@id\":\"https:\/\/ptnbilisim.com\/#\/schema\/logo\/image\/\"},\"sameAs\":[\"https:\/\/www.facebook.com\/Projecttechnet\",\"https:\/\/twitter.com\/Projecttechnet\",\"https:\/\/www.instagram.com\/Projecttechnet\/\",\"https:\/\/www.linkedin.com\/company\/ptnbilisim\/\"]}]}<\/script>\n<!-- \/ Yoast SEO plugin. -->","yoast_head_json":{"title":"Hakk\u0131m\u0131zda &raquo; PTN Bili\u015fim","robots":{"index":"index","follow":"follow","max-snippet":"max-snippet:-1","max-image-preview":"max-image-preview:large","max-video-preview":"max-video-preview:-1"},"canonical":"https:\/\/ptnbilisim.com\/en_us\/hakkimizda\/","og_locale":"en_US","og_type":"article","og_title":"Hakk\u0131m\u0131zda &raquo; PTN Bili\u015fim","og_url":"https:\/\/ptnbilisim.com\/en_us\/hakkimizda\/","og_site_name":"PTN Bili\u015fim","article_publisher":"https:\/\/www.facebook.com\/Projecttechnet","article_modified_time":"2024-06-13T06:20:37+00:00","og_image":[{"url":"http:\/\/ptnbilisim.com\/wp-content\/uploads\/2021\/09\/ptn-bilisim-kupa-bardak.jpg"}],"twitter_card":"summary_large_image","twitter_site":"@Projecttechnet","twitter_misc":{"Est. reading time":"3 minutes"},"schema":{"@context":"https:\/\/schema.org","@graph":[{"@type":"WebPage","@id":"https:\/\/ptnbilisim.com\/hakkimizda\/","url":"https:\/\/ptnbilisim.com\/hakkimizda\/","name":"Hakk\u0131m\u0131zda &raquo; PTN Bili\u015fim","isPartOf":{"@id":"https:\/\/ptnbilisim.com\/#website"},"datePublished":"2021-09-12T21:00:25+00:00","dateModified":"2024-06-13T06:20:37+00:00","breadcrumb":{"@id":"https:\/\/ptnbilisim.com\/hakkimizda\/#breadcrumb"},"inLanguage":"en-US","potentialAction":[{"@type":"ReadAction","target":["https:\/\/ptnbilisim.com\/hakkimizda\/"]}]},{"@type":"BreadcrumbList","@id":"https:\/\/ptnbilisim.com\/hakkimizda\/#breadcrumb","itemListElement":[{"@type":"ListItem","position":1,"name":"Anasayfa","item":"https:\/\/ptnbilisim.com\/"},{"@type":"ListItem","position":2,"name":"Hakk\u0131m\u0131zda"}]},{"@type":"WebSite","@id":"https:\/\/ptnbilisim.com\/#website","url":"https:\/\/ptnbilisim.com\/","name":"PTN Bili\u015fim","description":"Yar\u0131na y\u00f6nelik g\u00fcven veren bili\u015fim \u00e7\u00f6z\u00fcmleri...","publisher":{"@id":"https:\/\/ptnbilisim.com\/#organization"},"potentialAction":[{"@type":"SearchAction","target":{"@type":"EntryPoint","urlTemplate":"https:\/\/ptnbilisim.com\/?s={search_term_string}"},"query-input":"required name=search_term_string"}],"inLanguage":"en-US"},{"@type":"Organization","@id":"https:\/\/ptnbilisim.com\/#organization","name":"PTN Bili\u015fim","url":"https:\/\/ptnbilisim.com\/","logo":{"@type":"ImageObject","inLanguage":"en-US","@id":"https:\/\/ptnbilisim.com\/#\/schema\/logo\/image\/","url":"https:\/\/i2.wp.com\/ptnbilisim.com\/wp-content\/uploads\/2021\/09\/PTN-Bilisim-Logo.png?fit=2309%2C885&ssl=1","contentUrl":"https:\/\/i2.wp.com\/ptnbilisim.com\/wp-content\/uploads\/2021\/09\/PTN-Bilisim-Logo.png?fit=2309%2C885&ssl=1","width":2309,"height":885,"caption":"PTN Bili\u015fim"},"image":{"@id":"https:\/\/ptnbilisim.com\/#\/schema\/logo\/image\/"},"sameAs":["https:\/\/www.facebook.com\/Projecttechnet","https:\/\/twitter.com\/Projecttechnet","https:\/\/www.instagram.com\/Projecttechnet\/","https:\/\/www.linkedin.com\/company\/ptnbilisim\/"]}]}},"_links":{"self":[{"href":"https:\/\/ptnbilisim.com\/en_us\/wp-json\/wp\/v2\/pages\/88"}],"collection":[{"href":"https:\/\/ptnbilisim.com\/en_us\/wp-json\/wp\/v2\/pages"}],"about":[{"href":"https:\/\/ptnbilisim.com\/en_us\/wp-json\/wp\/v2\/types\/page"}],"author":[{"embeddable":true,"href":"https:\/\/ptnbilisim.com\/en_us\/wp-json\/wp\/v2\/users\/1"}],"replies":[{"embeddable":true,"href":"https:\/\/ptnbilisim.com\/en_us\/wp-json\/wp\/v2\/comments?post=88"}],"version-history":[{"count":66,"href":"https:\/\/ptnbilisim.com\/en_us\/wp-json\/wp\/v2\/pages\/88\/revisions"}],"predecessor-version":[{"id":1885,"href":"https:\/\/ptnbilisim.com\/en_us\/wp-json\/wp\/v2\/pages\/88\/revisions\/1885"}],"wp:attachment":[{"href":"https:\/\/ptnbilisim.com\/en_us\/wp-json\/wp\/v2\/media?parent=88"}],"curies":[{"name":"wp","href":"https:\/\/api.w.org\/{rel}","templated":true}]}}