{"id":565,"date":"2021-09-19T15:23:55","date_gmt":"2021-09-19T12:23:55","guid":{"rendered":"http:\/\/ptnbilisim.com\/?page_id=565"},"modified":"2021-12-18T11:03:34","modified_gmt":"2021-12-18T08:03:34","slug":"bilisim-danismanligi","status":"publish","type":"page","link":"https:\/\/ptnbilisim.com\/en_us\/hizmetlerimiz\/bilisim-danismanligi\/","title":{"rendered":"IT Consulting"},"content":{"rendered":"<div class=\"wp-block-themeisle-blocks-advanced-columns has-2-columns has-desktop-oneTwo-layout has-tablet-equal-layout has-mobile-collapsedRows-layout has-default-gap has-vertical-unset\" id=\"wp-block-themeisle-blocks-advanced-columns-701c5928\"><div class=\"wp-block-themeisle-blocks-advanced-columns-overlay\"><\/div><div class=\"innerblocks-wrap\">\n<div class=\"wp-block-themeisle-blocks-advanced-column\" id=\"wp-block-themeisle-blocks-advanced-column-95186525\">\n<figure class=\"wp-block-image size-full is-resized\"><img loading=\"lazy\" src=\"https:\/\/ptnbilisim.com\/wp-content\/uploads\/2021\/10\/bilisim-danismanligi.png\" alt=\"Bili\u015fim Dan\u0131\u015fmanl\u0131\u011f\u0131\" class=\"wp-image-1163\" width=\"400\" height=\"400\" srcset=\"https:\/\/ptnbilisim.com\/wp-content\/uploads\/2021\/10\/bilisim-danismanligi.png 500w, https:\/\/ptnbilisim.com\/wp-content\/uploads\/2021\/10\/bilisim-danismanligi-300x300.png 300w, https:\/\/ptnbilisim.com\/wp-content\/uploads\/2021\/10\/bilisim-danismanligi-150x150.png 150w\" sizes=\"(max-width: 400px) 100vw, 400px\" \/><\/figure>\n<\/div>\n\n\n\n<div class=\"wp-block-themeisle-blocks-advanced-column\" id=\"wp-block-themeisle-blocks-advanced-column-2242f4e7\">\n<h2>IT Consulting<\/h2>\n\n\n\n<h3 id=\"wp-block-themeisle-blocks-advanced-heading-32a0efcc\" class=\"wp-block-themeisle-blocks-advanced-heading wp-block-themeisle-blocks-advanced-heading-32a0efcc\">With our knowledge, experience and experience, we can offer you solutions with high added value.<\/h3>\n\n\n\n<p>We can provide services to you with our expert IT staff about many processes such as management, configuration, project, transition processes, reporting, auditing.<\/p>\n\n\n\n<p>Better use of company resources is a difficult process for management. When it comes to IT, criteria are combined with experience.<\/p>\n\n\n\n<p>Being able to benefit from technology in the development of your company is a solution that will increase efficiency and accelerate your work. Here, the choices will affect the results at a high level.<\/p>\n\n\n\n<p>In our consultancy service, it is our basic principle to provide the least cost and the most benefit. We believe that we can provide you with a more effective system as a result of infrastructure analysis.<\/p>\n\n\n\n<p>We are ready to be with you for your compatible memory, disk, additional hardware (Graphic card, Riser) needs for your servers, clients or devices such as NAS.<\/p>\n\n\n\n<p>Any question you may have in our IT Consulting service <a href=\"https:\/\/ptnbilisim.com\/en_us\/iletisim\/\" target=\"_blank\" rel=\"noreferrer noopener\"><strong>You can contact us.<\/strong><\/a><\/p>\n\n\n\n<p>if you wish <a href=\"http:\/\/www.linkedin.com\/company\/ptnbilisim\" target=\"_blank\" rel=\"noreferrer noopener\">Linkedin<\/a>. you can take a look at our activities.<\/p>\n<\/div>\n<\/div><\/div>","protected":false},"excerpt":{"rendered":"","protected":false},"author":1,"featured_media":0,"parent":82,"menu_order":0,"comment_status":"closed","ping_status":"closed","template":"","meta":{"neve_meta_sidebar":"","neve_meta_container":"","neve_meta_enable_content_width":"","neve_meta_content_width":0,"neve_meta_title_alignment":"","neve_meta_author_avatar":"","neve_post_elements_order":"","neve_meta_disable_header":"","neve_meta_disable_footer":"","neve_meta_disable_title":"on","_themeisle_gutenberg_block_has_review":false},"yoast_head":"<!-- This site is optimized with the Yoast SEO plugin v20.4 - https:\/\/yoast.com\/wordpress\/plugins\/seo\/ -->\n<title>Bili\u015fim Dan\u0131\u015fmanl\u0131\u011f\u0131 &raquo; PTN Bili\u015fim<\/title>\n<meta name=\"description\" content=\"Bili\u015fim Dan\u0131\u015fmanl\u0131\u011f\u0131 Hizmetimizde; Bilgimiz, tecr\u00fcbemiz ve deneyimlerimiz ile size katma de\u011feri y\u00fcksek \u00e7\u00f6z\u00fcmler sunabiliriz.\" \/>\n<meta name=\"robots\" content=\"index, follow, max-snippet:-1, max-image-preview:large, max-video-preview:-1\" \/>\n<link rel=\"canonical\" href=\"https:\/\/ptnbilisim.com\/en_us\/hizmetlerimiz\/bilisim-danismanligi\/\" \/>\n<meta property=\"og:locale\" content=\"en_US\" \/>\n<meta property=\"og:type\" content=\"article\" \/>\n<meta property=\"og:title\" content=\"Bili\u015fim Dan\u0131\u015fmanl\u0131\u011f\u0131 &raquo; PTN Bili\u015fim\" \/>\n<meta property=\"og:description\" content=\"Bili\u015fim Dan\u0131\u015fmanl\u0131\u011f\u0131 Hizmetimizde; Bilgimiz, tecr\u00fcbemiz ve deneyimlerimiz ile size katma de\u011feri y\u00fcksek \u00e7\u00f6z\u00fcmler sunabiliriz.\" \/>\n<meta property=\"og:url\" content=\"https:\/\/ptnbilisim.com\/en_us\/hizmetlerimiz\/bilisim-danismanligi\/\" \/>\n<meta property=\"og:site_name\" content=\"PTN Bili\u015fim\" \/>\n<meta property=\"article:publisher\" content=\"https:\/\/www.facebook.com\/Projecttechnet\" \/>\n<meta property=\"article:modified_time\" content=\"2021-12-18T08:03:34+00:00\" \/>\n<meta property=\"og:image\" content=\"https:\/\/ptnbilisim.com\/wp-content\/uploads\/2021\/10\/bilisim-danismanligi.png\" \/>\n<meta name=\"twitter:card\" content=\"summary_large_image\" \/>\n<meta name=\"twitter:site\" content=\"@Projecttechnet\" \/>\n<meta name=\"twitter:label1\" content=\"Est. reading time\" \/>\n\t<meta name=\"twitter:data1\" content=\"1 minute\" \/>\n<script type=\"application\/ld+json\" class=\"yoast-schema-graph\">{\"@context\":\"https:\/\/schema.org\",\"@graph\":[{\"@type\":\"WebPage\",\"@id\":\"https:\/\/ptnbilisim.com\/hizmetlerimiz\/bilisim-danismanligi\/\",\"url\":\"https:\/\/ptnbilisim.com\/hizmetlerimiz\/bilisim-danismanligi\/\",\"name\":\"Bili\u015fim Dan\u0131\u015fmanl\u0131\u011f\u0131 &raquo; PTN Bili\u015fim\",\"isPartOf\":{\"@id\":\"https:\/\/ptnbilisim.com\/#website\"},\"datePublished\":\"2021-09-19T12:23:55+00:00\",\"dateModified\":\"2021-12-18T08:03:34+00:00\",\"description\":\"Bili\u015fim Dan\u0131\u015fmanl\u0131\u011f\u0131 Hizmetimizde; Bilgimiz, tecr\u00fcbemiz ve deneyimlerimiz ile size katma de\u011feri y\u00fcksek \u00e7\u00f6z\u00fcmler sunabiliriz.\",\"breadcrumb\":{\"@id\":\"https:\/\/ptnbilisim.com\/hizmetlerimiz\/bilisim-danismanligi\/#breadcrumb\"},\"inLanguage\":\"en-US\",\"potentialAction\":[{\"@type\":\"ReadAction\",\"target\":[\"https:\/\/ptnbilisim.com\/hizmetlerimiz\/bilisim-danismanligi\/\"]}]},{\"@type\":\"BreadcrumbList\",\"@id\":\"https:\/\/ptnbilisim.com\/hizmetlerimiz\/bilisim-danismanligi\/#breadcrumb\",\"itemListElement\":[{\"@type\":\"ListItem\",\"position\":1,\"name\":\"Anasayfa\",\"item\":\"https:\/\/ptnbilisim.com\/\"},{\"@type\":\"ListItem\",\"position\":2,\"name\":\"Hizmetlerimiz\",\"item\":\"https:\/\/ptnbilisim.com\/hizmetlerimiz\/\"},{\"@type\":\"ListItem\",\"position\":3,\"name\":\"Bili\u015fim Dan\u0131\u015fmanl\u0131\u011f\u0131\"}]},{\"@type\":\"WebSite\",\"@id\":\"https:\/\/ptnbilisim.com\/#website\",\"url\":\"https:\/\/ptnbilisim.com\/\",\"name\":\"PTN Bili\u015fim\",\"description\":\"Yar\u0131na y\u00f6nelik g\u00fcven veren bili\u015fim \u00e7\u00f6z\u00fcmleri...\",\"publisher\":{\"@id\":\"https:\/\/ptnbilisim.com\/#organization\"},\"potentialAction\":[{\"@type\":\"SearchAction\",\"target\":{\"@type\":\"EntryPoint\",\"urlTemplate\":\"https:\/\/ptnbilisim.com\/?s={search_term_string}\"},\"query-input\":\"required name=search_term_string\"}],\"inLanguage\":\"en-US\"},{\"@type\":\"Organization\",\"@id\":\"https:\/\/ptnbilisim.com\/#organization\",\"name\":\"PTN Bili\u015fim\",\"url\":\"https:\/\/ptnbilisim.com\/\",\"logo\":{\"@type\":\"ImageObject\",\"inLanguage\":\"en-US\",\"@id\":\"https:\/\/ptnbilisim.com\/#\/schema\/logo\/image\/\",\"url\":\"https:\/\/i2.wp.com\/ptnbilisim.com\/wp-content\/uploads\/2021\/09\/PTN-Bilisim-Logo.png?fit=2309%2C885&ssl=1\",\"contentUrl\":\"https:\/\/i2.wp.com\/ptnbilisim.com\/wp-content\/uploads\/2021\/09\/PTN-Bilisim-Logo.png?fit=2309%2C885&ssl=1\",\"width\":2309,\"height\":885,\"caption\":\"PTN Bili\u015fim\"},\"image\":{\"@id\":\"https:\/\/ptnbilisim.com\/#\/schema\/logo\/image\/\"},\"sameAs\":[\"https:\/\/www.facebook.com\/Projecttechnet\",\"https:\/\/twitter.com\/Projecttechnet\",\"https:\/\/www.instagram.com\/Projecttechnet\/\",\"https:\/\/www.linkedin.com\/company\/ptnbilisim\/\"]}]}<\/script>\n<!-- \/ Yoast SEO plugin. -->","yoast_head_json":{"title":"Bili\u015fim Dan\u0131\u015fmanl\u0131\u011f\u0131 &raquo; PTN Bili\u015fim","description":"Bili\u015fim Dan\u0131\u015fmanl\u0131\u011f\u0131 Hizmetimizde; Bilgimiz, tecr\u00fcbemiz ve deneyimlerimiz ile size katma de\u011feri y\u00fcksek \u00e7\u00f6z\u00fcmler sunabiliriz.","robots":{"index":"index","follow":"follow","max-snippet":"max-snippet:-1","max-image-preview":"max-image-preview:large","max-video-preview":"max-video-preview:-1"},"canonical":"https:\/\/ptnbilisim.com\/en_us\/hizmetlerimiz\/bilisim-danismanligi\/","og_locale":"en_US","og_type":"article","og_title":"Bili\u015fim Dan\u0131\u015fmanl\u0131\u011f\u0131 &raquo; PTN Bili\u015fim","og_description":"Bili\u015fim Dan\u0131\u015fmanl\u0131\u011f\u0131 Hizmetimizde; Bilgimiz, tecr\u00fcbemiz ve deneyimlerimiz ile size katma de\u011feri y\u00fcksek \u00e7\u00f6z\u00fcmler sunabiliriz.","og_url":"https:\/\/ptnbilisim.com\/en_us\/hizmetlerimiz\/bilisim-danismanligi\/","og_site_name":"PTN Bili\u015fim","article_publisher":"https:\/\/www.facebook.com\/Projecttechnet","article_modified_time":"2021-12-18T08:03:34+00:00","og_image":[{"url":"https:\/\/ptnbilisim.com\/wp-content\/uploads\/2021\/10\/bilisim-danismanligi.png"}],"twitter_card":"summary_large_image","twitter_site":"@Projecttechnet","twitter_misc":{"Est. reading time":"1 minute"},"schema":{"@context":"https:\/\/schema.org","@graph":[{"@type":"WebPage","@id":"https:\/\/ptnbilisim.com\/hizmetlerimiz\/bilisim-danismanligi\/","url":"https:\/\/ptnbilisim.com\/hizmetlerimiz\/bilisim-danismanligi\/","name":"Bili\u015fim Dan\u0131\u015fmanl\u0131\u011f\u0131 &raquo; PTN Bili\u015fim","isPartOf":{"@id":"https:\/\/ptnbilisim.com\/#website"},"datePublished":"2021-09-19T12:23:55+00:00","dateModified":"2021-12-18T08:03:34+00:00","description":"Bili\u015fim Dan\u0131\u015fmanl\u0131\u011f\u0131 Hizmetimizde; Bilgimiz, tecr\u00fcbemiz ve deneyimlerimiz ile size katma de\u011feri y\u00fcksek \u00e7\u00f6z\u00fcmler sunabiliriz.","breadcrumb":{"@id":"https:\/\/ptnbilisim.com\/hizmetlerimiz\/bilisim-danismanligi\/#breadcrumb"},"inLanguage":"en-US","potentialAction":[{"@type":"ReadAction","target":["https:\/\/ptnbilisim.com\/hizmetlerimiz\/bilisim-danismanligi\/"]}]},{"@type":"BreadcrumbList","@id":"https:\/\/ptnbilisim.com\/hizmetlerimiz\/bilisim-danismanligi\/#breadcrumb","itemListElement":[{"@type":"ListItem","position":1,"name":"Anasayfa","item":"https:\/\/ptnbilisim.com\/"},{"@type":"ListItem","position":2,"name":"Hizmetlerimiz","item":"https:\/\/ptnbilisim.com\/hizmetlerimiz\/"},{"@type":"ListItem","position":3,"name":"Bili\u015fim Dan\u0131\u015fmanl\u0131\u011f\u0131"}]},{"@type":"WebSite","@id":"https:\/\/ptnbilisim.com\/#website","url":"https:\/\/ptnbilisim.com\/","name":"PTN Bili\u015fim","description":"Yar\u0131na y\u00f6nelik g\u00fcven veren bili\u015fim \u00e7\u00f6z\u00fcmleri...","publisher":{"@id":"https:\/\/ptnbilisim.com\/#organization"},"potentialAction":[{"@type":"SearchAction","target":{"@type":"EntryPoint","urlTemplate":"https:\/\/ptnbilisim.com\/?s={search_term_string}"},"query-input":"required name=search_term_string"}],"inLanguage":"en-US"},{"@type":"Organization","@id":"https:\/\/ptnbilisim.com\/#organization","name":"PTN Bili\u015fim","url":"https:\/\/ptnbilisim.com\/","logo":{"@type":"ImageObject","inLanguage":"en-US","@id":"https:\/\/ptnbilisim.com\/#\/schema\/logo\/image\/","url":"https:\/\/i2.wp.com\/ptnbilisim.com\/wp-content\/uploads\/2021\/09\/PTN-Bilisim-Logo.png?fit=2309%2C885&ssl=1","contentUrl":"https:\/\/i2.wp.com\/ptnbilisim.com\/wp-content\/uploads\/2021\/09\/PTN-Bilisim-Logo.png?fit=2309%2C885&ssl=1","width":2309,"height":885,"caption":"PTN Bili\u015fim"},"image":{"@id":"https:\/\/ptnbilisim.com\/#\/schema\/logo\/image\/"},"sameAs":["https:\/\/www.facebook.com\/Projecttechnet","https:\/\/twitter.com\/Projecttechnet","https:\/\/www.instagram.com\/Projecttechnet\/","https:\/\/www.linkedin.com\/company\/ptnbilisim\/"]}]}},"_links":{"self":[{"href":"https:\/\/ptnbilisim.com\/en_us\/wp-json\/wp\/v2\/pages\/565"}],"collection":[{"href":"https:\/\/ptnbilisim.com\/en_us\/wp-json\/wp\/v2\/pages"}],"about":[{"href":"https:\/\/ptnbilisim.com\/en_us\/wp-json\/wp\/v2\/types\/page"}],"author":[{"embeddable":true,"href":"https:\/\/ptnbilisim.com\/en_us\/wp-json\/wp\/v2\/users\/1"}],"replies":[{"embeddable":true,"href":"https:\/\/ptnbilisim.com\/en_us\/wp-json\/wp\/v2\/comments?post=565"}],"version-history":[{"count":10,"href":"https:\/\/ptnbilisim.com\/en_us\/wp-json\/wp\/v2\/pages\/565\/revisions"}],"predecessor-version":[{"id":1278,"href":"https:\/\/ptnbilisim.com\/en_us\/wp-json\/wp\/v2\/pages\/565\/revisions\/1278"}],"up":[{"embeddable":true,"href":"https:\/\/ptnbilisim.com\/en_us\/wp-json\/wp\/v2\/pages\/82"}],"wp:attachment":[{"href":"https:\/\/ptnbilisim.com\/en_us\/wp-json\/wp\/v2\/media?parent=565"}],"curies":[{"name":"wp","href":"https:\/\/api.w.org\/{rel}","templated":true}]}}