{"id":563,"date":"2021-09-19T15:22:18","date_gmt":"2021-09-19T12:22:18","guid":{"rendered":"http:\/\/ptnbilisim.com\/?page_id=563"},"modified":"2023-10-17T09:33:21","modified_gmt":"2023-10-17T06:33:21","slug":"kurumsal-bakim-anlasmasi","status":"publish","type":"page","link":"https:\/\/ptnbilisim.com\/en_us\/hizmetlerimiz\/kurumsal-bakim-anlasmasi\/","title":{"rendered":"Kurumsal Bak\u0131m Anla\u015fmas\u0131"},"content":{"rendered":"<div id=\"wp-block-themeisle-blocks-advanced-columns-b1730697\" class=\"wp-block-themeisle-blocks-advanced-columns has-2-columns has-desktop-oneTwo-layout has-tablet-equal-layout has-mobile-collapsedRows-layout has-vertical-unset has-default-gap\"><div class=\"wp-block-themeisle-blocks-advanced-columns-overlay\"><\/div><div class=\"innerblocks-wrap\">\n<div id=\"wp-block-themeisle-blocks-advanced-column-023b1260\" class=\"wp-block-themeisle-blocks-advanced-column\">\n<figure class=\"wp-block-image size-full is-resized\"><img loading=\"lazy\" src=\"https:\/\/ptnbilisim.com\/wp-content\/uploads\/2021\/10\/bakim-anlasmalari.png\" alt=\"Bak\u0131m Anla\u015fmalar\u0131\" class=\"wp-image-1160\" width=\"400\" height=\"400\" srcset=\"https:\/\/ptnbilisim.com\/wp-content\/uploads\/2021\/10\/bakim-anlasmalari.png 600w, https:\/\/ptnbilisim.com\/wp-content\/uploads\/2021\/10\/bakim-anlasmalari-300x300.png 300w, https:\/\/ptnbilisim.com\/wp-content\/uploads\/2021\/10\/bakim-anlasmalari-150x150.png 150w\" sizes=\"(max-width: 400px) 100vw, 400px\" \/><\/figure>\n<\/div>\n\n\n\n<div id=\"wp-block-themeisle-blocks-advanced-column-757e8b0a\" class=\"wp-block-themeisle-blocks-advanced-column\">\n<h2 class=\"wp-block-heading\">Kurumsal Bak\u0131m Anla\u015fmas\u0131<\/h2>\n\n\n\n<p>T\u00fcm bili\u015fim altyap\u0131n\u0131z\u0131n tek bir yerden y\u00f6netimi i\u00e7in sa\u011flad\u0131\u011f\u0131m\u0131z \u00e7\u00f6z\u00fcmd\u00fcr. Kurumsal bak\u0131m anla\u015fmas\u0131 sayesinde, bilgi i\u015flem maliyetlerinizi \u00f6nemli \u00f6l\u00e7\u00fcde d\u00fc\u015f\u00fcrebiliriz. Teknik destek, yap\u0131land\u0131rma, ar\u0131za takibi, lisans deste\u011fi ve dan\u0131\u015fmanl\u0131k gibi konular\u0131n t\u00fcm\u00fc bu anla\u015fmaya devam etti\u011fi s\u00fcrece dahildir.<\/p>\n\n\n\n<p>En az 6 ayl\u0131k periyotlarda haz\u0131rlanan bu anla\u015fma tipinde, hedefimiz sisteminizin devaml\u0131l\u0131\u011f\u0131n\u0131 sa\u011flayacak kriterleri ayakta tutmakt\u0131r.<\/p>\n\n\n\n<p>During the periodical maintenance processes, our Engineer and\/or Help Desk employee, who is in our body with the specified frequency, visits you for routine controls.<\/p>\n\n\n\n<p>Bu ziyaretler esnas\u0131nda bak\u0131m ve gerekli sistem altyap\u0131 ihtiya\u00e7lar\u0131n\u0131z gideririz. Bu hizmeti alan m\u00fc\u015fterilerimiz gerekti\u011finde yard\u0131m masas\u0131 ekibimizden telefonla s\u0131n\u0131rs\u0131z (mesai saatleri dahilinde) destek alabilmektedirler.<\/p>\n\n\n\n<p>Bak\u0131m anla\u015fmas\u0131n\u0131n ilk ad\u0131m\u0131nda analiz yapar\u0131z, yap\u0131lan analiz sonucuna g\u00f6re \u00f6ncelikleri belirleriz. (Sunucu, Router, Yedekleme, g\u00fcvenlik vb.) Bu \u00f6nceliklerin devaml\u0131l\u0131\u011f\u0131n\u0131n nas\u0131l sa\u011flanaca\u011f\u0131na birlikte karar veririz.<\/p>\n\n\n\n<p>\u00d6nceliklerinizin durumu hakk\u0131nda size ay sonunda bir rapor yazar\u0131z. Bu rapor sayesinde ayn\u0131 zamanda geli\u015fme s\u00fcre\u00e7lerini takip ederiz. Geli\u015fme s\u00fcrecinde cihaz\u0131n yenilenmesi veya ar\u0131zal\u0131 par\u00e7an\u0131n de\u011fi\u015ftirilmesi gerekli olursa mutlaka size iletiriz.<\/p>\n\n\n\n<p>Kurumsal bak\u0131m anla\u015fmalar\u0131n\u0131n en g\u00fczel taraf\u0131, anl\u0131k yat\u0131r\u0131m de\u011fil, gelece\u011fe y\u00f6nelik yat\u0131r\u0131mlar\u0131 kapsamas\u0131d\u0131r. \u00d6zellikle d\u00fczenli takibi yap\u0131lan bir kayna\u011f\u0131n tahmini olarak ne kadar artaca\u011f\u0131 \u00f6ng\u00f6rebiliriz. Bu sayede al\u0131mlar ve g\u00fcncellemeler daha d\u00fczenli olacakt\u0131r.<\/p>\n\n\n\n<h5>Belki de en \u00f6nemli konulardan biri yedekleme s\u00fcreci y\u00f6netimidir.<\/h5>\n\n\n\n<p><a href=\"https:\/\/ptnbilisim.com\/en_us\/hakkimizda\/\">PTN Bili\u015fim<\/a> olarak gitti\u011fimiz bir\u00e7ok g\u00f6r\u00fc\u015fmelerde yedeklerin ta\u015f\u0131nabilir hard disklere al\u0131nd\u0131\u011f\u0131n\u0131 fark ettik. Sonu\u00e7ta yedeklerin ayr\u0131 bir yere al\u0131nmas\u0131 g\u00fczel bir \u00e7\u00f6z\u00fcm olsa da yedeklerin takibi sorun olu\u015fturmaktad\u0131r.<\/p>\n\n\n\n<p>D\u00fczenli takip edilmeyen bir yedek, do\u011fru yap\u0131land\u0131r\u0131lmam\u0131\u015f veya izlenmemi\u015f a\u011f altyap\u0131s\u0131 neredeyse hi\u00e7 olmam\u0131\u015f kadar k\u00f6t\u00fc olabilir.<\/p>\n\n\n\n<p>Bu sizi belki 1 belki de 3 ay geriye g\u00f6t\u00fcr\u00fcp o i\u015fleri yeniden yapman\u0131z\u0131 gerektirebilir.<\/p>\n\n\n\n<p>Ya da karar a\u015famas\u0131nda tahminlerle ilerlemek zorunda b\u0131rakabilir.<\/p>\n\n\n\n<p>Details come first for us, and secondly, we have instant solution hostility. We are aware that quality is based on details and how damaging instant solutions are.<\/p>\n\n\n\n<p>Ayn\u0131 i\u015fi yapan bir\u00e7ok firma oldu\u011funun fark\u0131nday\u0131z. Bizi di\u011fer firmalardan ay\u0131ran en temel \u00f6zellik; yapt\u0131\u011f\u0131m\u0131z i\u015ften ald\u0131\u011f\u0131m\u0131z keyiftir ve bu keyfin size yans\u0131mas\u0131n\u0131 sa\u011flamakt\u0131r. &nbsp;<\/p>\n\n\n\n<p>K\u0131saca; Hedefimiz \u00fcr\u00fcn sat\u0131\u015f\u0131ndan \u00e7ok <a href=\"https:\/\/ptnbilisim.com\/en_us\/hizmetlerimiz\/butik-it\/\">uzun vadeli i\u015f ortakl\u0131\u011f\u0131<\/a>d\u0131r.<\/p>\n<\/div>\n<\/div><\/div>","protected":false},"excerpt":{"rendered":"","protected":false},"author":1,"featured_media":1160,"parent":82,"menu_order":0,"comment_status":"closed","ping_status":"closed","template":"","meta":{"neve_meta_sidebar":"","neve_meta_container":"","neve_meta_enable_content_width":"","neve_meta_content_width":0,"neve_meta_title_alignment":"","neve_meta_author_avatar":"","neve_post_elements_order":"","neve_meta_disable_header":"","neve_meta_disable_footer":"","neve_meta_disable_title":"on","_themeisle_gutenberg_block_has_review":false},"yoast_head":"<!-- This site is optimized with the Yoast SEO plugin v20.4 - https:\/\/yoast.com\/wordpress\/plugins\/seo\/ -->\n<title>Kurumsal Bak\u0131m Anla\u015fmas\u0131 &raquo; PTN Bili\u015fim<\/title>\n<meta name=\"description\" content=\"T\u00fcm bili\u015fim altyap\u0131n\u0131z\u0131n tek bir yerden y\u00f6netimi i\u00e7in sa\u011flad\u0131\u011f\u0131m\u0131z \u00e7\u00f6z\u00fcmd\u00fcr. Kurumsal bak\u0131m anla\u015fmas\u0131 sayesinde, bilgi i\u015flem maliyetlerinizi \u00f6nemli \u00f6l\u00e7\u00fcde d\u00fc\u015f\u00fcrebiliriz.\" \/>\n<meta name=\"robots\" content=\"index, follow, max-snippet:-1, max-image-preview:large, max-video-preview:-1\" \/>\n<link rel=\"canonical\" href=\"https:\/\/ptnbilisim.com\/en_us\/hizmetlerimiz\/kurumsal-bakim-anlasmasi\/\" \/>\n<meta property=\"og:locale\" content=\"en_US\" \/>\n<meta property=\"og:type\" content=\"article\" \/>\n<meta property=\"og:title\" content=\"Kurumsal Bak\u0131m Anla\u015fmas\u0131 &raquo; PTN Bili\u015fim\" \/>\n<meta property=\"og:description\" content=\"T\u00fcm bili\u015fim altyap\u0131n\u0131z\u0131n tek bir yerden y\u00f6netimi i\u00e7in sa\u011flad\u0131\u011f\u0131m\u0131z \u00e7\u00f6z\u00fcmd\u00fcr. Kurumsal bak\u0131m anla\u015fmas\u0131 sayesinde, bilgi i\u015flem maliyetlerinizi \u00f6nemli \u00f6l\u00e7\u00fcde d\u00fc\u015f\u00fcrebiliriz.\" \/>\n<meta property=\"og:url\" content=\"https:\/\/ptnbilisim.com\/en_us\/hizmetlerimiz\/kurumsal-bakim-anlasmasi\/\" \/>\n<meta property=\"og:site_name\" content=\"PTN Bili\u015fim\" \/>\n<meta property=\"article:publisher\" content=\"https:\/\/www.facebook.com\/Projecttechnet\" \/>\n<meta property=\"article:modified_time\" content=\"2023-10-17T06:33:21+00:00\" \/>\n<meta property=\"og:image\" content=\"https:\/\/ptnbilisim.com\/wp-content\/uploads\/2021\/10\/bakim-anlasmalari.png\" \/>\n\t<meta property=\"og:image:width\" content=\"600\" \/>\n\t<meta property=\"og:image:height\" content=\"599\" \/>\n\t<meta property=\"og:image:type\" content=\"image\/png\" \/>\n<meta name=\"twitter:card\" content=\"summary_large_image\" \/>\n<meta name=\"twitter:site\" content=\"@Projecttechnet\" \/>\n<meta name=\"twitter:label1\" content=\"Est. reading time\" \/>\n\t<meta name=\"twitter:data1\" content=\"2 minutes\" \/>\n<script type=\"application\/ld+json\" class=\"yoast-schema-graph\">{\"@context\":\"https:\/\/schema.org\",\"@graph\":[{\"@type\":\"WebPage\",\"@id\":\"https:\/\/ptnbilisim.com\/hizmetlerimiz\/kurumsal-bakim-anlasmasi\/\",\"url\":\"https:\/\/ptnbilisim.com\/hizmetlerimiz\/kurumsal-bakim-anlasmasi\/\",\"name\":\"Kurumsal Bak\u0131m Anla\u015fmas\u0131 &raquo; PTN Bili\u015fim\",\"isPartOf\":{\"@id\":\"https:\/\/ptnbilisim.com\/#website\"},\"datePublished\":\"2021-09-19T12:22:18+00:00\",\"dateModified\":\"2023-10-17T06:33:21+00:00\",\"description\":\"T\u00fcm bili\u015fim altyap\u0131n\u0131z\u0131n tek bir yerden y\u00f6netimi i\u00e7in sa\u011flad\u0131\u011f\u0131m\u0131z \u00e7\u00f6z\u00fcmd\u00fcr. Kurumsal bak\u0131m anla\u015fmas\u0131 sayesinde, bilgi i\u015flem maliyetlerinizi \u00f6nemli \u00f6l\u00e7\u00fcde d\u00fc\u015f\u00fcrebiliriz.\",\"breadcrumb\":{\"@id\":\"https:\/\/ptnbilisim.com\/hizmetlerimiz\/kurumsal-bakim-anlasmasi\/#breadcrumb\"},\"inLanguage\":\"en-US\",\"potentialAction\":[{\"@type\":\"ReadAction\",\"target\":[\"https:\/\/ptnbilisim.com\/hizmetlerimiz\/kurumsal-bakim-anlasmasi\/\"]}]},{\"@type\":\"BreadcrumbList\",\"@id\":\"https:\/\/ptnbilisim.com\/hizmetlerimiz\/kurumsal-bakim-anlasmasi\/#breadcrumb\",\"itemListElement\":[{\"@type\":\"ListItem\",\"position\":1,\"name\":\"Anasayfa\",\"item\":\"https:\/\/ptnbilisim.com\/\"},{\"@type\":\"ListItem\",\"position\":2,\"name\":\"Hizmetlerimiz\",\"item\":\"https:\/\/ptnbilisim.com\/hizmetlerimiz\/\"},{\"@type\":\"ListItem\",\"position\":3,\"name\":\"Kurumsal Bak\u0131m Anla\u015fmas\u0131\"}]},{\"@type\":\"WebSite\",\"@id\":\"https:\/\/ptnbilisim.com\/#website\",\"url\":\"https:\/\/ptnbilisim.com\/\",\"name\":\"PTN Bili\u015fim\",\"description\":\"Yar\u0131na y\u00f6nelik g\u00fcven veren bili\u015fim \u00e7\u00f6z\u00fcmleri...\",\"publisher\":{\"@id\":\"https:\/\/ptnbilisim.com\/#organization\"},\"potentialAction\":[{\"@type\":\"SearchAction\",\"target\":{\"@type\":\"EntryPoint\",\"urlTemplate\":\"https:\/\/ptnbilisim.com\/?s={search_term_string}\"},\"query-input\":\"required name=search_term_string\"}],\"inLanguage\":\"en-US\"},{\"@type\":\"Organization\",\"@id\":\"https:\/\/ptnbilisim.com\/#organization\",\"name\":\"PTN Bili\u015fim\",\"url\":\"https:\/\/ptnbilisim.com\/\",\"logo\":{\"@type\":\"ImageObject\",\"inLanguage\":\"en-US\",\"@id\":\"https:\/\/ptnbilisim.com\/#\/schema\/logo\/image\/\",\"url\":\"https:\/\/i2.wp.com\/ptnbilisim.com\/wp-content\/uploads\/2021\/09\/PTN-Bilisim-Logo.png?fit=2309%2C885&ssl=1\",\"contentUrl\":\"https:\/\/i2.wp.com\/ptnbilisim.com\/wp-content\/uploads\/2021\/09\/PTN-Bilisim-Logo.png?fit=2309%2C885&ssl=1\",\"width\":2309,\"height\":885,\"caption\":\"PTN Bili\u015fim\"},\"image\":{\"@id\":\"https:\/\/ptnbilisim.com\/#\/schema\/logo\/image\/\"},\"sameAs\":[\"https:\/\/www.facebook.com\/Projecttechnet\",\"https:\/\/twitter.com\/Projecttechnet\",\"https:\/\/www.instagram.com\/Projecttechnet\/\",\"https:\/\/www.linkedin.com\/company\/ptnbilisim\/\"]}]}<\/script>\n<!-- \/ Yoast SEO plugin. -->","yoast_head_json":{"title":"Kurumsal Bak\u0131m Anla\u015fmas\u0131 &raquo; PTN Bili\u015fim","description":"T\u00fcm bili\u015fim altyap\u0131n\u0131z\u0131n tek bir yerden y\u00f6netimi i\u00e7in sa\u011flad\u0131\u011f\u0131m\u0131z \u00e7\u00f6z\u00fcmd\u00fcr. Kurumsal bak\u0131m anla\u015fmas\u0131 sayesinde, bilgi i\u015flem maliyetlerinizi \u00f6nemli \u00f6l\u00e7\u00fcde d\u00fc\u015f\u00fcrebiliriz.","robots":{"index":"index","follow":"follow","max-snippet":"max-snippet:-1","max-image-preview":"max-image-preview:large","max-video-preview":"max-video-preview:-1"},"canonical":"https:\/\/ptnbilisim.com\/en_us\/hizmetlerimiz\/kurumsal-bakim-anlasmasi\/","og_locale":"en_US","og_type":"article","og_title":"Kurumsal Bak\u0131m Anla\u015fmas\u0131 &raquo; PTN Bili\u015fim","og_description":"T\u00fcm bili\u015fim altyap\u0131n\u0131z\u0131n tek bir yerden y\u00f6netimi i\u00e7in sa\u011flad\u0131\u011f\u0131m\u0131z \u00e7\u00f6z\u00fcmd\u00fcr. Kurumsal bak\u0131m anla\u015fmas\u0131 sayesinde, bilgi i\u015flem maliyetlerinizi \u00f6nemli \u00f6l\u00e7\u00fcde d\u00fc\u015f\u00fcrebiliriz.","og_url":"https:\/\/ptnbilisim.com\/en_us\/hizmetlerimiz\/kurumsal-bakim-anlasmasi\/","og_site_name":"PTN Bili\u015fim","article_publisher":"https:\/\/www.facebook.com\/Projecttechnet","article_modified_time":"2023-10-17T06:33:21+00:00","og_image":[{"width":600,"height":599,"url":"https:\/\/ptnbilisim.com\/wp-content\/uploads\/2021\/10\/bakim-anlasmalari.png","type":"image\/png"}],"twitter_card":"summary_large_image","twitter_site":"@Projecttechnet","twitter_misc":{"Est. reading time":"2 minutes"},"schema":{"@context":"https:\/\/schema.org","@graph":[{"@type":"WebPage","@id":"https:\/\/ptnbilisim.com\/hizmetlerimiz\/kurumsal-bakim-anlasmasi\/","url":"https:\/\/ptnbilisim.com\/hizmetlerimiz\/kurumsal-bakim-anlasmasi\/","name":"Kurumsal Bak\u0131m Anla\u015fmas\u0131 &raquo; PTN Bili\u015fim","isPartOf":{"@id":"https:\/\/ptnbilisim.com\/#website"},"datePublished":"2021-09-19T12:22:18+00:00","dateModified":"2023-10-17T06:33:21+00:00","description":"T\u00fcm bili\u015fim altyap\u0131n\u0131z\u0131n tek bir yerden y\u00f6netimi i\u00e7in sa\u011flad\u0131\u011f\u0131m\u0131z \u00e7\u00f6z\u00fcmd\u00fcr. Kurumsal bak\u0131m anla\u015fmas\u0131 sayesinde, bilgi i\u015flem maliyetlerinizi \u00f6nemli \u00f6l\u00e7\u00fcde d\u00fc\u015f\u00fcrebiliriz.","breadcrumb":{"@id":"https:\/\/ptnbilisim.com\/hizmetlerimiz\/kurumsal-bakim-anlasmasi\/#breadcrumb"},"inLanguage":"en-US","potentialAction":[{"@type":"ReadAction","target":["https:\/\/ptnbilisim.com\/hizmetlerimiz\/kurumsal-bakim-anlasmasi\/"]}]},{"@type":"BreadcrumbList","@id":"https:\/\/ptnbilisim.com\/hizmetlerimiz\/kurumsal-bakim-anlasmasi\/#breadcrumb","itemListElement":[{"@type":"ListItem","position":1,"name":"Anasayfa","item":"https:\/\/ptnbilisim.com\/"},{"@type":"ListItem","position":2,"name":"Hizmetlerimiz","item":"https:\/\/ptnbilisim.com\/hizmetlerimiz\/"},{"@type":"ListItem","position":3,"name":"Kurumsal Bak\u0131m Anla\u015fmas\u0131"}]},{"@type":"WebSite","@id":"https:\/\/ptnbilisim.com\/#website","url":"https:\/\/ptnbilisim.com\/","name":"PTN Bili\u015fim","description":"Yar\u0131na y\u00f6nelik g\u00fcven veren bili\u015fim \u00e7\u00f6z\u00fcmleri...","publisher":{"@id":"https:\/\/ptnbilisim.com\/#organization"},"potentialAction":[{"@type":"SearchAction","target":{"@type":"EntryPoint","urlTemplate":"https:\/\/ptnbilisim.com\/?s={search_term_string}"},"query-input":"required name=search_term_string"}],"inLanguage":"en-US"},{"@type":"Organization","@id":"https:\/\/ptnbilisim.com\/#organization","name":"PTN Bili\u015fim","url":"https:\/\/ptnbilisim.com\/","logo":{"@type":"ImageObject","inLanguage":"en-US","@id":"https:\/\/ptnbilisim.com\/#\/schema\/logo\/image\/","url":"https:\/\/i2.wp.com\/ptnbilisim.com\/wp-content\/uploads\/2021\/09\/PTN-Bilisim-Logo.png?fit=2309%2C885&ssl=1","contentUrl":"https:\/\/i2.wp.com\/ptnbilisim.com\/wp-content\/uploads\/2021\/09\/PTN-Bilisim-Logo.png?fit=2309%2C885&ssl=1","width":2309,"height":885,"caption":"PTN Bili\u015fim"},"image":{"@id":"https:\/\/ptnbilisim.com\/#\/schema\/logo\/image\/"},"sameAs":["https:\/\/www.facebook.com\/Projecttechnet","https:\/\/twitter.com\/Projecttechnet","https:\/\/www.instagram.com\/Projecttechnet\/","https:\/\/www.linkedin.com\/company\/ptnbilisim\/"]}]}},"_links":{"self":[{"href":"https:\/\/ptnbilisim.com\/en_us\/wp-json\/wp\/v2\/pages\/563"}],"collection":[{"href":"https:\/\/ptnbilisim.com\/en_us\/wp-json\/wp\/v2\/pages"}],"about":[{"href":"https:\/\/ptnbilisim.com\/en_us\/wp-json\/wp\/v2\/types\/page"}],"author":[{"embeddable":true,"href":"https:\/\/ptnbilisim.com\/en_us\/wp-json\/wp\/v2\/users\/1"}],"replies":[{"embeddable":true,"href":"https:\/\/ptnbilisim.com\/en_us\/wp-json\/wp\/v2\/comments?post=563"}],"version-history":[{"count":35,"href":"https:\/\/ptnbilisim.com\/en_us\/wp-json\/wp\/v2\/pages\/563\/revisions"}],"predecessor-version":[{"id":1851,"href":"https:\/\/ptnbilisim.com\/en_us\/wp-json\/wp\/v2\/pages\/563\/revisions\/1851"}],"up":[{"embeddable":true,"href":"https:\/\/ptnbilisim.com\/en_us\/wp-json\/wp\/v2\/pages\/82"}],"wp:featuredmedia":[{"embeddable":true,"href":"https:\/\/ptnbilisim.com\/en_us\/wp-json\/wp\/v2\/media\/1160"}],"wp:attachment":[{"href":"https:\/\/ptnbilisim.com\/en_us\/wp-json\/wp\/v2\/media?parent=563"}],"curies":[{"name":"wp","href":"https:\/\/api.w.org\/{rel}","templated":true}]}}