{"id":561,"date":"2021-09-19T15:20:52","date_gmt":"2021-09-19T12:20:52","guid":{"rendered":"http:\/\/ptnbilisim.com\/?page_id=561"},"modified":"2021-12-18T11:03:23","modified_gmt":"2021-12-18T08:03:23","slug":"egitim","status":"publish","type":"page","link":"https:\/\/ptnbilisim.com\/en_us\/hizmetlerimiz\/egitim\/","title":{"rendered":"Education"},"content":{"rendered":"<div class=\"wp-block-themeisle-blocks-advanced-columns has-2-columns has-desktop-oneTwo-layout has-tablet-equal-layout has-mobile-collapsedRows-layout has-default-gap has-vertical-unset\" id=\"wp-block-themeisle-blocks-advanced-columns-19c72bf3\"><div class=\"wp-block-themeisle-blocks-advanced-columns-overlay\"><\/div><div class=\"innerblocks-wrap\">\n<div class=\"wp-block-themeisle-blocks-advanced-column\" id=\"wp-block-themeisle-blocks-advanced-column-aa1f51c4\">\n<figure class=\"wp-block-image size-full\"><img loading=\"lazy\" width=\"1000\" height=\"1000\" src=\"http:\/\/ptnbilisim.com\/wp-content\/uploads\/2021\/09\/egitim.jpg\" alt=\"\" class=\"wp-image-494\" srcset=\"https:\/\/ptnbilisim.com\/wp-content\/uploads\/2021\/09\/egitim.jpg 1000w, https:\/\/ptnbilisim.com\/wp-content\/uploads\/2021\/09\/egitim-300x300.jpg 300w, https:\/\/ptnbilisim.com\/wp-content\/uploads\/2021\/09\/egitim-150x150.jpg 150w, https:\/\/ptnbilisim.com\/wp-content\/uploads\/2021\/09\/egitim-768x768.jpg 768w\" sizes=\"(max-width: 1000px) 100vw, 1000px\" \/><\/figure>\n<\/div>\n\n\n\n<div class=\"wp-block-themeisle-blocks-advanced-column\" id=\"wp-block-themeisle-blocks-advanced-column-36608053\">\n<h2>Education<\/h2>\n\n\n\n<h3>Up-to-date trainings with our expert staff.<\/h3>\n\n\n\n<p>&nbsp;&nbsp;&nbsp;&nbsp;&nbsp;&nbsp;&nbsp;&nbsp;&nbsp; We can provide training both in our own office and in your organization by integrating the experiences of our employees in the field with MOC (Microsoft Official Curriculum).<\/p>\n\n\n\n<p>&nbsp;&nbsp;&nbsp;&nbsp;&nbsp;&nbsp;&nbsp;&nbsp;&nbsp; If requested, we can make a special training plan for your institution. End user trainings, ITIL Process Management, Microsoft System Center Family, Microsoft OS Family and Microsoft Exchange Server Family are some of the trainings we provide in order to increase the quality of work.<\/p>\n\n\n\n<p>For details <a href=\"https:\/\/ptnbilisim.com\/en_us\/iletisim\/\">with us<\/a> you can contact us.<\/p>\n<\/div>\n<\/div><\/div>","protected":false},"excerpt":{"rendered":"","protected":false},"author":1,"featured_media":0,"parent":82,"menu_order":0,"comment_status":"closed","ping_status":"closed","template":"","meta":{"neve_meta_sidebar":"","neve_meta_container":"","neve_meta_enable_content_width":"","neve_meta_content_width":0,"neve_meta_title_alignment":"","neve_meta_author_avatar":"","neve_post_elements_order":"","neve_meta_disable_header":"","neve_meta_disable_footer":"","neve_meta_disable_title":"on","_themeisle_gutenberg_block_has_review":false},"yoast_head":"<!-- This site is optimized with the Yoast SEO plugin v20.4 - https:\/\/yoast.com\/wordpress\/plugins\/seo\/ -->\n<title>E\u011fitim &raquo; PTN Bili\u015fim<\/title>\n<meta name=\"robots\" content=\"index, follow, max-snippet:-1, max-image-preview:large, max-video-preview:-1\" \/>\n<link rel=\"canonical\" href=\"https:\/\/ptnbilisim.com\/en_us\/hizmetlerimiz\/egitim\/\" \/>\n<meta property=\"og:locale\" content=\"en_US\" \/>\n<meta property=\"og:type\" content=\"article\" \/>\n<meta property=\"og:title\" content=\"E\u011fitim &raquo; PTN Bili\u015fim\" \/>\n<meta property=\"og:url\" content=\"https:\/\/ptnbilisim.com\/en_us\/hizmetlerimiz\/egitim\/\" \/>\n<meta property=\"og:site_name\" content=\"PTN Bili\u015fim\" \/>\n<meta property=\"article:publisher\" content=\"https:\/\/www.facebook.com\/Projecttechnet\" \/>\n<meta property=\"article:modified_time\" content=\"2021-12-18T08:03:23+00:00\" \/>\n<meta property=\"og:image\" content=\"http:\/\/ptnbilisim.com\/wp-content\/uploads\/2021\/09\/egitim.jpg\" \/>\n<meta name=\"twitter:card\" content=\"summary_large_image\" \/>\n<meta name=\"twitter:site\" content=\"@Projecttechnet\" \/>\n<meta name=\"twitter:label1\" content=\"Est. reading time\" \/>\n\t<meta name=\"twitter:data1\" content=\"1 minute\" \/>\n<script type=\"application\/ld+json\" class=\"yoast-schema-graph\">{\"@context\":\"https:\/\/schema.org\",\"@graph\":[{\"@type\":\"WebPage\",\"@id\":\"https:\/\/ptnbilisim.com\/hizmetlerimiz\/egitim\/\",\"url\":\"https:\/\/ptnbilisim.com\/hizmetlerimiz\/egitim\/\",\"name\":\"E\u011fitim &raquo; PTN Bili\u015fim\",\"isPartOf\":{\"@id\":\"https:\/\/ptnbilisim.com\/#website\"},\"datePublished\":\"2021-09-19T12:20:52+00:00\",\"dateModified\":\"2021-12-18T08:03:23+00:00\",\"breadcrumb\":{\"@id\":\"https:\/\/ptnbilisim.com\/hizmetlerimiz\/egitim\/#breadcrumb\"},\"inLanguage\":\"en-US\",\"potentialAction\":[{\"@type\":\"ReadAction\",\"target\":[\"https:\/\/ptnbilisim.com\/hizmetlerimiz\/egitim\/\"]}]},{\"@type\":\"BreadcrumbList\",\"@id\":\"https:\/\/ptnbilisim.com\/hizmetlerimiz\/egitim\/#breadcrumb\",\"itemListElement\":[{\"@type\":\"ListItem\",\"position\":1,\"name\":\"Anasayfa\",\"item\":\"https:\/\/ptnbilisim.com\/\"},{\"@type\":\"ListItem\",\"position\":2,\"name\":\"Hizmetlerimiz\",\"item\":\"https:\/\/ptnbilisim.com\/hizmetlerimiz\/\"},{\"@type\":\"ListItem\",\"position\":3,\"name\":\"E\u011fitim\"}]},{\"@type\":\"WebSite\",\"@id\":\"https:\/\/ptnbilisim.com\/#website\",\"url\":\"https:\/\/ptnbilisim.com\/\",\"name\":\"PTN Bili\u015fim\",\"description\":\"Yar\u0131na y\u00f6nelik g\u00fcven veren bili\u015fim \u00e7\u00f6z\u00fcmleri...\",\"publisher\":{\"@id\":\"https:\/\/ptnbilisim.com\/#organization\"},\"potentialAction\":[{\"@type\":\"SearchAction\",\"target\":{\"@type\":\"EntryPoint\",\"urlTemplate\":\"https:\/\/ptnbilisim.com\/?s={search_term_string}\"},\"query-input\":\"required name=search_term_string\"}],\"inLanguage\":\"en-US\"},{\"@type\":\"Organization\",\"@id\":\"https:\/\/ptnbilisim.com\/#organization\",\"name\":\"PTN Bili\u015fim\",\"url\":\"https:\/\/ptnbilisim.com\/\",\"logo\":{\"@type\":\"ImageObject\",\"inLanguage\":\"en-US\",\"@id\":\"https:\/\/ptnbilisim.com\/#\/schema\/logo\/image\/\",\"url\":\"https:\/\/i2.wp.com\/ptnbilisim.com\/wp-content\/uploads\/2021\/09\/PTN-Bilisim-Logo.png?fit=2309%2C885&ssl=1\",\"contentUrl\":\"https:\/\/i2.wp.com\/ptnbilisim.com\/wp-content\/uploads\/2021\/09\/PTN-Bilisim-Logo.png?fit=2309%2C885&ssl=1\",\"width\":2309,\"height\":885,\"caption\":\"PTN Bili\u015fim\"},\"image\":{\"@id\":\"https:\/\/ptnbilisim.com\/#\/schema\/logo\/image\/\"},\"sameAs\":[\"https:\/\/www.facebook.com\/Projecttechnet\",\"https:\/\/twitter.com\/Projecttechnet\",\"https:\/\/www.instagram.com\/Projecttechnet\/\",\"https:\/\/www.linkedin.com\/company\/ptnbilisim\/\"]}]}<\/script>\n<!-- \/ Yoast SEO plugin. -->","yoast_head_json":{"title":"E\u011fitim &raquo; PTN Bili\u015fim","robots":{"index":"index","follow":"follow","max-snippet":"max-snippet:-1","max-image-preview":"max-image-preview:large","max-video-preview":"max-video-preview:-1"},"canonical":"https:\/\/ptnbilisim.com\/en_us\/hizmetlerimiz\/egitim\/","og_locale":"en_US","og_type":"article","og_title":"E\u011fitim &raquo; PTN Bili\u015fim","og_url":"https:\/\/ptnbilisim.com\/en_us\/hizmetlerimiz\/egitim\/","og_site_name":"PTN Bili\u015fim","article_publisher":"https:\/\/www.facebook.com\/Projecttechnet","article_modified_time":"2021-12-18T08:03:23+00:00","og_image":[{"url":"http:\/\/ptnbilisim.com\/wp-content\/uploads\/2021\/09\/egitim.jpg"}],"twitter_card":"summary_large_image","twitter_site":"@Projecttechnet","twitter_misc":{"Est. reading time":"1 minute"},"schema":{"@context":"https:\/\/schema.org","@graph":[{"@type":"WebPage","@id":"https:\/\/ptnbilisim.com\/hizmetlerimiz\/egitim\/","url":"https:\/\/ptnbilisim.com\/hizmetlerimiz\/egitim\/","name":"E\u011fitim &raquo; PTN Bili\u015fim","isPartOf":{"@id":"https:\/\/ptnbilisim.com\/#website"},"datePublished":"2021-09-19T12:20:52+00:00","dateModified":"2021-12-18T08:03:23+00:00","breadcrumb":{"@id":"https:\/\/ptnbilisim.com\/hizmetlerimiz\/egitim\/#breadcrumb"},"inLanguage":"en-US","potentialAction":[{"@type":"ReadAction","target":["https:\/\/ptnbilisim.com\/hizmetlerimiz\/egitim\/"]}]},{"@type":"BreadcrumbList","@id":"https:\/\/ptnbilisim.com\/hizmetlerimiz\/egitim\/#breadcrumb","itemListElement":[{"@type":"ListItem","position":1,"name":"Anasayfa","item":"https:\/\/ptnbilisim.com\/"},{"@type":"ListItem","position":2,"name":"Hizmetlerimiz","item":"https:\/\/ptnbilisim.com\/hizmetlerimiz\/"},{"@type":"ListItem","position":3,"name":"E\u011fitim"}]},{"@type":"WebSite","@id":"https:\/\/ptnbilisim.com\/#website","url":"https:\/\/ptnbilisim.com\/","name":"PTN Bili\u015fim","description":"Yar\u0131na y\u00f6nelik g\u00fcven veren bili\u015fim \u00e7\u00f6z\u00fcmleri...","publisher":{"@id":"https:\/\/ptnbilisim.com\/#organization"},"potentialAction":[{"@type":"SearchAction","target":{"@type":"EntryPoint","urlTemplate":"https:\/\/ptnbilisim.com\/?s={search_term_string}"},"query-input":"required name=search_term_string"}],"inLanguage":"en-US"},{"@type":"Organization","@id":"https:\/\/ptnbilisim.com\/#organization","name":"PTN Bili\u015fim","url":"https:\/\/ptnbilisim.com\/","logo":{"@type":"ImageObject","inLanguage":"en-US","@id":"https:\/\/ptnbilisim.com\/#\/schema\/logo\/image\/","url":"https:\/\/i2.wp.com\/ptnbilisim.com\/wp-content\/uploads\/2021\/09\/PTN-Bilisim-Logo.png?fit=2309%2C885&ssl=1","contentUrl":"https:\/\/i2.wp.com\/ptnbilisim.com\/wp-content\/uploads\/2021\/09\/PTN-Bilisim-Logo.png?fit=2309%2C885&ssl=1","width":2309,"height":885,"caption":"PTN Bili\u015fim"},"image":{"@id":"https:\/\/ptnbilisim.com\/#\/schema\/logo\/image\/"},"sameAs":["https:\/\/www.facebook.com\/Projecttechnet","https:\/\/twitter.com\/Projecttechnet","https:\/\/www.instagram.com\/Projecttechnet\/","https:\/\/www.linkedin.com\/company\/ptnbilisim\/"]}]}},"_links":{"self":[{"href":"https:\/\/ptnbilisim.com\/en_us\/wp-json\/wp\/v2\/pages\/561"}],"collection":[{"href":"https:\/\/ptnbilisim.com\/en_us\/wp-json\/wp\/v2\/pages"}],"about":[{"href":"https:\/\/ptnbilisim.com\/en_us\/wp-json\/wp\/v2\/types\/page"}],"author":[{"embeddable":true,"href":"https:\/\/ptnbilisim.com\/en_us\/wp-json\/wp\/v2\/users\/1"}],"replies":[{"embeddable":true,"href":"https:\/\/ptnbilisim.com\/en_us\/wp-json\/wp\/v2\/comments?post=561"}],"version-history":[{"count":2,"href":"https:\/\/ptnbilisim.com\/en_us\/wp-json\/wp\/v2\/pages\/561\/revisions"}],"predecessor-version":[{"id":1059,"href":"https:\/\/ptnbilisim.com\/en_us\/wp-json\/wp\/v2\/pages\/561\/revisions\/1059"}],"up":[{"embeddable":true,"href":"https:\/\/ptnbilisim.com\/en_us\/wp-json\/wp\/v2\/pages\/82"}],"wp:attachment":[{"href":"https:\/\/ptnbilisim.com\/en_us\/wp-json\/wp\/v2\/media?parent=561"}],"curies":[{"name":"wp","href":"https:\/\/api.w.org\/{rel}","templated":true}]}}