{"id":558,"date":"2021-09-19T15:19:21","date_gmt":"2021-09-19T12:19:21","guid":{"rendered":"http:\/\/ptnbilisim.com\/?page_id=558"},"modified":"2021-12-18T11:03:28","modified_gmt":"2021-12-18T08:03:28","slug":"dis-kaynak-bt-calisani","status":"publish","type":"page","link":"https:\/\/ptnbilisim.com\/en_us\/hizmetlerimiz\/dis-kaynak-bt-calisani\/","title":{"rendered":"Outsourcing IT Employee"},"content":{"rendered":"<div class=\"wp-block-themeisle-blocks-advanced-columns has-2-columns has-desktop-oneTwo-layout has-tablet-equal-layout has-mobile-collapsedRows-layout has-default-gap has-vertical-unset\" id=\"wp-block-themeisle-blocks-advanced-columns-22613957\"><div class=\"wp-block-themeisle-blocks-advanced-columns-overlay\"><\/div><div class=\"innerblocks-wrap\">\n<div class=\"wp-block-themeisle-blocks-advanced-column\" id=\"wp-block-themeisle-blocks-advanced-column-adea199c\">\n<figure class=\"wp-block-image size-full\"><img loading=\"lazy\" width=\"1000\" height=\"1000\" src=\"http:\/\/ptnbilisim.com\/wp-content\/uploads\/2021\/09\/dis-kaynakli-bt-calisani.jpg\" alt=\"\" class=\"wp-image-495\" srcset=\"https:\/\/ptnbilisim.com\/wp-content\/uploads\/2021\/09\/dis-kaynakli-bt-calisani.jpg 1000w, https:\/\/ptnbilisim.com\/wp-content\/uploads\/2021\/09\/dis-kaynakli-bt-calisani-300x300.jpg 300w, https:\/\/ptnbilisim.com\/wp-content\/uploads\/2021\/09\/dis-kaynakli-bt-calisani-150x150.jpg 150w, https:\/\/ptnbilisim.com\/wp-content\/uploads\/2021\/09\/dis-kaynakli-bt-calisani-768x768.jpg 768w\" sizes=\"(max-width: 1000px) 100vw, 1000px\" \/><\/figure>\n<\/div>\n\n\n\n<div class=\"wp-block-themeisle-blocks-advanced-column\" id=\"wp-block-themeisle-blocks-advanced-column-069af864\">\n<h2>Outsourcing IT Employee<\/h2>\n\n\n\n<h3>An IT employee who is suitable for your company culture, with whom we can share our experiences and support,<\/h3>\n\n\n\n<p>&nbsp;&nbsp;&nbsp;&nbsp;&nbsp;&nbsp;&nbsp;&nbsp;&nbsp; Many institutions have their own IT staff. While this is a very suitable solution for management, it can create problems in processes such as problem solving, project management, field support, and problem solution steps.<\/p>\n\n\n\n<p>&nbsp;&nbsp;&nbsp;&nbsp;&nbsp;&nbsp;&nbsp;&nbsp;&nbsp; For outsourced IT processes, let us provide you with your IT staff.<\/p>\n\n\n\n<p>&nbsp;&nbsp;&nbsp;&nbsp;&nbsp;&nbsp;&nbsp;&nbsp;&nbsp; In this way; We provide skilled and passionate specialists whose training is suitable for your structure, engineers who can get support during troubleshooting, who work with experts in system management and transfer their experience to you, who can provide ITIL-based system management, who develop a regular solution methodology, not instant solutions.<\/p>\n<\/div>\n<\/div><\/div>","protected":false},"excerpt":{"rendered":"","protected":false},"author":1,"featured_media":0,"parent":82,"menu_order":0,"comment_status":"closed","ping_status":"closed","template":"","meta":{"neve_meta_sidebar":"","neve_meta_container":"","neve_meta_enable_content_width":"","neve_meta_content_width":0,"neve_meta_title_alignment":"","neve_meta_author_avatar":"","neve_post_elements_order":"","neve_meta_disable_header":"","neve_meta_disable_footer":"","neve_meta_disable_title":"on","_themeisle_gutenberg_block_has_review":false},"yoast_head":"<!-- This site is optimized with the Yoast SEO plugin v20.4 - https:\/\/yoast.com\/wordpress\/plugins\/seo\/ -->\n<title>D\u0131\u015f Kaynak BT \u00c7al\u0131\u015fan\u0131 &raquo; PTN Bili\u015fim<\/title>\n<meta name=\"robots\" content=\"index, follow, max-snippet:-1, max-image-preview:large, max-video-preview:-1\" \/>\n<link rel=\"canonical\" href=\"https:\/\/ptnbilisim.com\/en_us\/hizmetlerimiz\/dis-kaynak-bt-calisani\/\" \/>\n<meta property=\"og:locale\" content=\"en_US\" \/>\n<meta property=\"og:type\" content=\"article\" \/>\n<meta property=\"og:title\" content=\"D\u0131\u015f Kaynak BT \u00c7al\u0131\u015fan\u0131 &raquo; PTN Bili\u015fim\" \/>\n<meta property=\"og:url\" content=\"https:\/\/ptnbilisim.com\/en_us\/hizmetlerimiz\/dis-kaynak-bt-calisani\/\" \/>\n<meta property=\"og:site_name\" content=\"PTN Bili\u015fim\" \/>\n<meta property=\"article:publisher\" content=\"https:\/\/www.facebook.com\/Projecttechnet\" \/>\n<meta property=\"article:modified_time\" content=\"2021-12-18T08:03:28+00:00\" \/>\n<meta property=\"og:image\" content=\"http:\/\/ptnbilisim.com\/wp-content\/uploads\/2021\/09\/dis-kaynakli-bt-calisani.jpg\" \/>\n<meta name=\"twitter:card\" content=\"summary_large_image\" \/>\n<meta name=\"twitter:site\" content=\"@Projecttechnet\" \/>\n<meta name=\"twitter:label1\" content=\"Est. reading time\" \/>\n\t<meta name=\"twitter:data1\" content=\"1 minute\" \/>\n<script type=\"application\/ld+json\" class=\"yoast-schema-graph\">{\"@context\":\"https:\/\/schema.org\",\"@graph\":[{\"@type\":\"WebPage\",\"@id\":\"https:\/\/ptnbilisim.com\/hizmetlerimiz\/dis-kaynak-bt-calisani\/\",\"url\":\"https:\/\/ptnbilisim.com\/hizmetlerimiz\/dis-kaynak-bt-calisani\/\",\"name\":\"D\u0131\u015f Kaynak BT \u00c7al\u0131\u015fan\u0131 &raquo; PTN Bili\u015fim\",\"isPartOf\":{\"@id\":\"https:\/\/ptnbilisim.com\/#website\"},\"datePublished\":\"2021-09-19T12:19:21+00:00\",\"dateModified\":\"2021-12-18T08:03:28+00:00\",\"breadcrumb\":{\"@id\":\"https:\/\/ptnbilisim.com\/hizmetlerimiz\/dis-kaynak-bt-calisani\/#breadcrumb\"},\"inLanguage\":\"en-US\",\"potentialAction\":[{\"@type\":\"ReadAction\",\"target\":[\"https:\/\/ptnbilisim.com\/hizmetlerimiz\/dis-kaynak-bt-calisani\/\"]}]},{\"@type\":\"BreadcrumbList\",\"@id\":\"https:\/\/ptnbilisim.com\/hizmetlerimiz\/dis-kaynak-bt-calisani\/#breadcrumb\",\"itemListElement\":[{\"@type\":\"ListItem\",\"position\":1,\"name\":\"Anasayfa\",\"item\":\"https:\/\/ptnbilisim.com\/\"},{\"@type\":\"ListItem\",\"position\":2,\"name\":\"Hizmetlerimiz\",\"item\":\"https:\/\/ptnbilisim.com\/hizmetlerimiz\/\"},{\"@type\":\"ListItem\",\"position\":3,\"name\":\"D\u0131\u015f Kaynak BT \u00c7al\u0131\u015fan\u0131\"}]},{\"@type\":\"WebSite\",\"@id\":\"https:\/\/ptnbilisim.com\/#website\",\"url\":\"https:\/\/ptnbilisim.com\/\",\"name\":\"PTN Bili\u015fim\",\"description\":\"Yar\u0131na y\u00f6nelik g\u00fcven veren bili\u015fim \u00e7\u00f6z\u00fcmleri...\",\"publisher\":{\"@id\":\"https:\/\/ptnbilisim.com\/#organization\"},\"potentialAction\":[{\"@type\":\"SearchAction\",\"target\":{\"@type\":\"EntryPoint\",\"urlTemplate\":\"https:\/\/ptnbilisim.com\/?s={search_term_string}\"},\"query-input\":\"required name=search_term_string\"}],\"inLanguage\":\"en-US\"},{\"@type\":\"Organization\",\"@id\":\"https:\/\/ptnbilisim.com\/#organization\",\"name\":\"PTN Bili\u015fim\",\"url\":\"https:\/\/ptnbilisim.com\/\",\"logo\":{\"@type\":\"ImageObject\",\"inLanguage\":\"en-US\",\"@id\":\"https:\/\/ptnbilisim.com\/#\/schema\/logo\/image\/\",\"url\":\"https:\/\/i2.wp.com\/ptnbilisim.com\/wp-content\/uploads\/2021\/09\/PTN-Bilisim-Logo.png?fit=2309%2C885&ssl=1\",\"contentUrl\":\"https:\/\/i2.wp.com\/ptnbilisim.com\/wp-content\/uploads\/2021\/09\/PTN-Bilisim-Logo.png?fit=2309%2C885&ssl=1\",\"width\":2309,\"height\":885,\"caption\":\"PTN Bili\u015fim\"},\"image\":{\"@id\":\"https:\/\/ptnbilisim.com\/#\/schema\/logo\/image\/\"},\"sameAs\":[\"https:\/\/www.facebook.com\/Projecttechnet\",\"https:\/\/twitter.com\/Projecttechnet\",\"https:\/\/www.instagram.com\/Projecttechnet\/\",\"https:\/\/www.linkedin.com\/company\/ptnbilisim\/\"]}]}<\/script>\n<!-- \/ Yoast SEO plugin. -->","yoast_head_json":{"title":"D\u0131\u015f Kaynak BT \u00c7al\u0131\u015fan\u0131 &raquo; PTN Bili\u015fim","robots":{"index":"index","follow":"follow","max-snippet":"max-snippet:-1","max-image-preview":"max-image-preview:large","max-video-preview":"max-video-preview:-1"},"canonical":"https:\/\/ptnbilisim.com\/en_us\/hizmetlerimiz\/dis-kaynak-bt-calisani\/","og_locale":"en_US","og_type":"article","og_title":"D\u0131\u015f Kaynak BT \u00c7al\u0131\u015fan\u0131 &raquo; PTN Bili\u015fim","og_url":"https:\/\/ptnbilisim.com\/en_us\/hizmetlerimiz\/dis-kaynak-bt-calisani\/","og_site_name":"PTN Bili\u015fim","article_publisher":"https:\/\/www.facebook.com\/Projecttechnet","article_modified_time":"2021-12-18T08:03:28+00:00","og_image":[{"url":"http:\/\/ptnbilisim.com\/wp-content\/uploads\/2021\/09\/dis-kaynakli-bt-calisani.jpg"}],"twitter_card":"summary_large_image","twitter_site":"@Projecttechnet","twitter_misc":{"Est. reading time":"1 minute"},"schema":{"@context":"https:\/\/schema.org","@graph":[{"@type":"WebPage","@id":"https:\/\/ptnbilisim.com\/hizmetlerimiz\/dis-kaynak-bt-calisani\/","url":"https:\/\/ptnbilisim.com\/hizmetlerimiz\/dis-kaynak-bt-calisani\/","name":"D\u0131\u015f Kaynak BT \u00c7al\u0131\u015fan\u0131 &raquo; PTN Bili\u015fim","isPartOf":{"@id":"https:\/\/ptnbilisim.com\/#website"},"datePublished":"2021-09-19T12:19:21+00:00","dateModified":"2021-12-18T08:03:28+00:00","breadcrumb":{"@id":"https:\/\/ptnbilisim.com\/hizmetlerimiz\/dis-kaynak-bt-calisani\/#breadcrumb"},"inLanguage":"en-US","potentialAction":[{"@type":"ReadAction","target":["https:\/\/ptnbilisim.com\/hizmetlerimiz\/dis-kaynak-bt-calisani\/"]}]},{"@type":"BreadcrumbList","@id":"https:\/\/ptnbilisim.com\/hizmetlerimiz\/dis-kaynak-bt-calisani\/#breadcrumb","itemListElement":[{"@type":"ListItem","position":1,"name":"Anasayfa","item":"https:\/\/ptnbilisim.com\/"},{"@type":"ListItem","position":2,"name":"Hizmetlerimiz","item":"https:\/\/ptnbilisim.com\/hizmetlerimiz\/"},{"@type":"ListItem","position":3,"name":"D\u0131\u015f Kaynak BT \u00c7al\u0131\u015fan\u0131"}]},{"@type":"WebSite","@id":"https:\/\/ptnbilisim.com\/#website","url":"https:\/\/ptnbilisim.com\/","name":"PTN Bili\u015fim","description":"Yar\u0131na y\u00f6nelik g\u00fcven veren bili\u015fim \u00e7\u00f6z\u00fcmleri...","publisher":{"@id":"https:\/\/ptnbilisim.com\/#organization"},"potentialAction":[{"@type":"SearchAction","target":{"@type":"EntryPoint","urlTemplate":"https:\/\/ptnbilisim.com\/?s={search_term_string}"},"query-input":"required name=search_term_string"}],"inLanguage":"en-US"},{"@type":"Organization","@id":"https:\/\/ptnbilisim.com\/#organization","name":"PTN Bili\u015fim","url":"https:\/\/ptnbilisim.com\/","logo":{"@type":"ImageObject","inLanguage":"en-US","@id":"https:\/\/ptnbilisim.com\/#\/schema\/logo\/image\/","url":"https:\/\/i2.wp.com\/ptnbilisim.com\/wp-content\/uploads\/2021\/09\/PTN-Bilisim-Logo.png?fit=2309%2C885&ssl=1","contentUrl":"https:\/\/i2.wp.com\/ptnbilisim.com\/wp-content\/uploads\/2021\/09\/PTN-Bilisim-Logo.png?fit=2309%2C885&ssl=1","width":2309,"height":885,"caption":"PTN Bili\u015fim"},"image":{"@id":"https:\/\/ptnbilisim.com\/#\/schema\/logo\/image\/"},"sameAs":["https:\/\/www.facebook.com\/Projecttechnet","https:\/\/twitter.com\/Projecttechnet","https:\/\/www.instagram.com\/Projecttechnet\/","https:\/\/www.linkedin.com\/company\/ptnbilisim\/"]}]}},"_links":{"self":[{"href":"https:\/\/ptnbilisim.com\/en_us\/wp-json\/wp\/v2\/pages\/558"}],"collection":[{"href":"https:\/\/ptnbilisim.com\/en_us\/wp-json\/wp\/v2\/pages"}],"about":[{"href":"https:\/\/ptnbilisim.com\/en_us\/wp-json\/wp\/v2\/types\/page"}],"author":[{"embeddable":true,"href":"https:\/\/ptnbilisim.com\/en_us\/wp-json\/wp\/v2\/users\/1"}],"replies":[{"embeddable":true,"href":"https:\/\/ptnbilisim.com\/en_us\/wp-json\/wp\/v2\/comments?post=558"}],"version-history":[{"count":4,"href":"https:\/\/ptnbilisim.com\/en_us\/wp-json\/wp\/v2\/pages\/558\/revisions"}],"predecessor-version":[{"id":1403,"href":"https:\/\/ptnbilisim.com\/en_us\/wp-json\/wp\/v2\/pages\/558\/revisions\/1403"}],"up":[{"embeddable":true,"href":"https:\/\/ptnbilisim.com\/en_us\/wp-json\/wp\/v2\/pages\/82"}],"wp:attachment":[{"href":"https:\/\/ptnbilisim.com\/en_us\/wp-json\/wp\/v2\/media?parent=558"}],"curies":[{"name":"wp","href":"https:\/\/api.w.org\/{rel}","templated":true}]}}