{"id":553,"date":"2021-09-19T15:10:07","date_gmt":"2021-09-19T12:10:07","guid":{"rendered":"http:\/\/ptnbilisim.com\/?page_id=553"},"modified":"2021-12-18T11:03:34","modified_gmt":"2021-12-18T08:03:34","slug":"butik-it","status":"publish","type":"page","link":"https:\/\/ptnbilisim.com\/en_us\/hizmetlerimiz\/butik-it\/","title":{"rendered":"Boutique IT"},"content":{"rendered":"<div class=\"wp-block-themeisle-blocks-advanced-columns has-2-columns has-desktop-oneTwo-layout has-tablet-equal-layout has-mobile-collapsedRows-layout has-default-gap has-vertical-unset\" id=\"wp-block-themeisle-blocks-advanced-columns-c3206f4f\"><div class=\"wp-block-themeisle-blocks-advanced-columns-overlay\"><\/div><div class=\"innerblocks-wrap\">\n<div class=\"wp-block-themeisle-blocks-advanced-column\" id=\"wp-block-themeisle-blocks-advanced-column-63a042e5\">\n<figure class=\"wp-block-image size-full\"><img loading=\"lazy\" width=\"835\" height=\"835\" src=\"http:\/\/ptnbilisim.com\/wp-content\/uploads\/2021\/09\/butik-it-edited.jpg\" alt=\"\" class=\"wp-image-515\" srcset=\"https:\/\/ptnbilisim.com\/wp-content\/uploads\/2021\/09\/butik-it-edited.jpg 835w, https:\/\/ptnbilisim.com\/wp-content\/uploads\/2021\/09\/butik-it-edited-300x300.jpg 300w, https:\/\/ptnbilisim.com\/wp-content\/uploads\/2021\/09\/butik-it-edited-150x150.jpg 150w, https:\/\/ptnbilisim.com\/wp-content\/uploads\/2021\/09\/butik-it-edited-768x768.jpg 768w\" sizes=\"(max-width: 835px) 100vw, 835px\" \/><\/figure>\n<\/div>\n\n\n\n<div class=\"wp-block-themeisle-blocks-advanced-column\" id=\"wp-block-themeisle-blocks-advanced-column-58f7712c\">\n<h2>Boutique IT<\/h2>\n\n\n\n<h3>\u201cAn IT Management as you wish\u201d<\/h3>\n\n\n\n<p>&nbsp;&nbsp;&nbsp;&nbsp;&nbsp;&nbsp;&nbsp;&nbsp;&nbsp; It is a system infrastructure solution that is applied completely specific to your company. You can customize it according to your company, determine the management hours, get regular reports, and proceed with us in the configuration processes.<\/p>\n\n\n\n<p>&nbsp;&nbsp;&nbsp;&nbsp;&nbsp;&nbsp;&nbsp;&nbsp;&nbsp; Within the scope of boutique IT, training on office and components related to configuration or basic usage is provided when necessary.<\/p>\n\n\n\n<p>&nbsp;&nbsp;&nbsp;&nbsp;&nbsp;&nbsp;&nbsp;&nbsp;&nbsp; Our boutique IT solution is a system infrastructure solution that is implemented completely specific to your company. Instead of providing a classical support service to your company, our goal is a solution that works exactly for your needs, is compatible with each other, and is arranged with periodic maintenance to notice the problems in advance.<\/p>\n\n\n\n<p>&nbsp;&nbsp;&nbsp;&nbsp;&nbsp;&nbsp;&nbsp;&nbsp;&nbsp; One of the most beautiful features of Boutique IT is that you will feel our support in all information processing processes for your company.<\/p>\n\n\n\n<p>Which product should I buy?, Why this product?, Are there spare parts?, Warranty processes?, ITILv3 ?, Network?, Wireless, wired?, Server, client?, IT employee need?, IT Audit?, Is it suitable for the backup infrastructure? , Anti-Virus solution?, Firewall?<br><br>and the management of the structure located above?<br>Let us do them, you only have to read the reports when you want..<\/p>\n<\/div>\n<\/div><\/div>","protected":false},"excerpt":{"rendered":"","protected":false},"author":1,"featured_media":515,"parent":82,"menu_order":0,"comment_status":"closed","ping_status":"closed","template":"","meta":{"neve_meta_sidebar":"","neve_meta_container":"","neve_meta_enable_content_width":"","neve_meta_content_width":0,"neve_meta_title_alignment":"","neve_meta_author_avatar":"","neve_post_elements_order":"","neve_meta_disable_header":"","neve_meta_disable_footer":"","neve_meta_disable_title":"on","_themeisle_gutenberg_block_has_review":false},"yoast_head":"<!-- This site is optimized with the Yoast SEO plugin v20.4 - https:\/\/yoast.com\/wordpress\/plugins\/seo\/ -->\n<title>Butik IT &raquo; PTN Bili\u015fim<\/title>\n<meta name=\"robots\" content=\"index, follow, max-snippet:-1, max-image-preview:large, max-video-preview:-1\" \/>\n<link rel=\"canonical\" href=\"https:\/\/ptnbilisim.com\/en_us\/hizmetlerimiz\/butik-it\/\" \/>\n<meta property=\"og:locale\" content=\"en_US\" \/>\n<meta property=\"og:type\" content=\"article\" \/>\n<meta property=\"og:title\" content=\"Butik IT &raquo; PTN Bili\u015fim\" \/>\n<meta property=\"og:url\" content=\"https:\/\/ptnbilisim.com\/en_us\/hizmetlerimiz\/butik-it\/\" \/>\n<meta property=\"og:site_name\" content=\"PTN Bili\u015fim\" \/>\n<meta property=\"article:publisher\" content=\"https:\/\/www.facebook.com\/Projecttechnet\" \/>\n<meta property=\"article:modified_time\" content=\"2021-12-18T08:03:34+00:00\" \/>\n<meta property=\"og:image\" content=\"https:\/\/ptnbilisim.com\/wp-content\/uploads\/2021\/09\/butik-it-edited.jpg\" \/>\n\t<meta property=\"og:image:width\" content=\"835\" \/>\n\t<meta property=\"og:image:height\" content=\"835\" \/>\n\t<meta property=\"og:image:type\" content=\"image\/jpeg\" \/>\n<meta name=\"twitter:card\" content=\"summary_large_image\" \/>\n<meta name=\"twitter:site\" content=\"@Projecttechnet\" \/>\n<meta name=\"twitter:label1\" content=\"Est. reading time\" \/>\n\t<meta name=\"twitter:data1\" content=\"2 minutes\" \/>\n<script type=\"application\/ld+json\" class=\"yoast-schema-graph\">{\"@context\":\"https:\/\/schema.org\",\"@graph\":[{\"@type\":\"WebPage\",\"@id\":\"https:\/\/ptnbilisim.com\/hizmetlerimiz\/butik-it\/\",\"url\":\"https:\/\/ptnbilisim.com\/hizmetlerimiz\/butik-it\/\",\"name\":\"Butik IT &raquo; PTN Bili\u015fim\",\"isPartOf\":{\"@id\":\"https:\/\/ptnbilisim.com\/#website\"},\"datePublished\":\"2021-09-19T12:10:07+00:00\",\"dateModified\":\"2021-12-18T08:03:34+00:00\",\"breadcrumb\":{\"@id\":\"https:\/\/ptnbilisim.com\/hizmetlerimiz\/butik-it\/#breadcrumb\"},\"inLanguage\":\"en-US\",\"potentialAction\":[{\"@type\":\"ReadAction\",\"target\":[\"https:\/\/ptnbilisim.com\/hizmetlerimiz\/butik-it\/\"]}]},{\"@type\":\"BreadcrumbList\",\"@id\":\"https:\/\/ptnbilisim.com\/hizmetlerimiz\/butik-it\/#breadcrumb\",\"itemListElement\":[{\"@type\":\"ListItem\",\"position\":1,\"name\":\"Anasayfa\",\"item\":\"https:\/\/ptnbilisim.com\/\"},{\"@type\":\"ListItem\",\"position\":2,\"name\":\"Hizmetlerimiz\",\"item\":\"https:\/\/ptnbilisim.com\/hizmetlerimiz\/\"},{\"@type\":\"ListItem\",\"position\":3,\"name\":\"Butik IT\"}]},{\"@type\":\"WebSite\",\"@id\":\"https:\/\/ptnbilisim.com\/#website\",\"url\":\"https:\/\/ptnbilisim.com\/\",\"name\":\"PTN Bili\u015fim\",\"description\":\"Yar\u0131na y\u00f6nelik g\u00fcven veren bili\u015fim \u00e7\u00f6z\u00fcmleri...\",\"publisher\":{\"@id\":\"https:\/\/ptnbilisim.com\/#organization\"},\"potentialAction\":[{\"@type\":\"SearchAction\",\"target\":{\"@type\":\"EntryPoint\",\"urlTemplate\":\"https:\/\/ptnbilisim.com\/?s={search_term_string}\"},\"query-input\":\"required name=search_term_string\"}],\"inLanguage\":\"en-US\"},{\"@type\":\"Organization\",\"@id\":\"https:\/\/ptnbilisim.com\/#organization\",\"name\":\"PTN Bili\u015fim\",\"url\":\"https:\/\/ptnbilisim.com\/\",\"logo\":{\"@type\":\"ImageObject\",\"inLanguage\":\"en-US\",\"@id\":\"https:\/\/ptnbilisim.com\/#\/schema\/logo\/image\/\",\"url\":\"https:\/\/i2.wp.com\/ptnbilisim.com\/wp-content\/uploads\/2021\/09\/PTN-Bilisim-Logo.png?fit=2309%2C885&ssl=1\",\"contentUrl\":\"https:\/\/i2.wp.com\/ptnbilisim.com\/wp-content\/uploads\/2021\/09\/PTN-Bilisim-Logo.png?fit=2309%2C885&ssl=1\",\"width\":2309,\"height\":885,\"caption\":\"PTN Bili\u015fim\"},\"image\":{\"@id\":\"https:\/\/ptnbilisim.com\/#\/schema\/logo\/image\/\"},\"sameAs\":[\"https:\/\/www.facebook.com\/Projecttechnet\",\"https:\/\/twitter.com\/Projecttechnet\",\"https:\/\/www.instagram.com\/Projecttechnet\/\",\"https:\/\/www.linkedin.com\/company\/ptnbilisim\/\"]}]}<\/script>\n<!-- \/ Yoast SEO plugin. -->","yoast_head_json":{"title":"Butik IT &raquo; PTN Bili\u015fim","robots":{"index":"index","follow":"follow","max-snippet":"max-snippet:-1","max-image-preview":"max-image-preview:large","max-video-preview":"max-video-preview:-1"},"canonical":"https:\/\/ptnbilisim.com\/en_us\/hizmetlerimiz\/butik-it\/","og_locale":"en_US","og_type":"article","og_title":"Butik IT &raquo; PTN Bili\u015fim","og_url":"https:\/\/ptnbilisim.com\/en_us\/hizmetlerimiz\/butik-it\/","og_site_name":"PTN Bili\u015fim","article_publisher":"https:\/\/www.facebook.com\/Projecttechnet","article_modified_time":"2021-12-18T08:03:34+00:00","og_image":[{"width":835,"height":835,"url":"https:\/\/ptnbilisim.com\/wp-content\/uploads\/2021\/09\/butik-it-edited.jpg","type":"image\/jpeg"}],"twitter_card":"summary_large_image","twitter_site":"@Projecttechnet","twitter_misc":{"Est. reading time":"2 minutes"},"schema":{"@context":"https:\/\/schema.org","@graph":[{"@type":"WebPage","@id":"https:\/\/ptnbilisim.com\/hizmetlerimiz\/butik-it\/","url":"https:\/\/ptnbilisim.com\/hizmetlerimiz\/butik-it\/","name":"Butik IT &raquo; PTN Bili\u015fim","isPartOf":{"@id":"https:\/\/ptnbilisim.com\/#website"},"datePublished":"2021-09-19T12:10:07+00:00","dateModified":"2021-12-18T08:03:34+00:00","breadcrumb":{"@id":"https:\/\/ptnbilisim.com\/hizmetlerimiz\/butik-it\/#breadcrumb"},"inLanguage":"en-US","potentialAction":[{"@type":"ReadAction","target":["https:\/\/ptnbilisim.com\/hizmetlerimiz\/butik-it\/"]}]},{"@type":"BreadcrumbList","@id":"https:\/\/ptnbilisim.com\/hizmetlerimiz\/butik-it\/#breadcrumb","itemListElement":[{"@type":"ListItem","position":1,"name":"Anasayfa","item":"https:\/\/ptnbilisim.com\/"},{"@type":"ListItem","position":2,"name":"Hizmetlerimiz","item":"https:\/\/ptnbilisim.com\/hizmetlerimiz\/"},{"@type":"ListItem","position":3,"name":"Butik IT"}]},{"@type":"WebSite","@id":"https:\/\/ptnbilisim.com\/#website","url":"https:\/\/ptnbilisim.com\/","name":"PTN Bili\u015fim","description":"Yar\u0131na y\u00f6nelik g\u00fcven veren bili\u015fim \u00e7\u00f6z\u00fcmleri...","publisher":{"@id":"https:\/\/ptnbilisim.com\/#organization"},"potentialAction":[{"@type":"SearchAction","target":{"@type":"EntryPoint","urlTemplate":"https:\/\/ptnbilisim.com\/?s={search_term_string}"},"query-input":"required name=search_term_string"}],"inLanguage":"en-US"},{"@type":"Organization","@id":"https:\/\/ptnbilisim.com\/#organization","name":"PTN Bili\u015fim","url":"https:\/\/ptnbilisim.com\/","logo":{"@type":"ImageObject","inLanguage":"en-US","@id":"https:\/\/ptnbilisim.com\/#\/schema\/logo\/image\/","url":"https:\/\/i2.wp.com\/ptnbilisim.com\/wp-content\/uploads\/2021\/09\/PTN-Bilisim-Logo.png?fit=2309%2C885&ssl=1","contentUrl":"https:\/\/i2.wp.com\/ptnbilisim.com\/wp-content\/uploads\/2021\/09\/PTN-Bilisim-Logo.png?fit=2309%2C885&ssl=1","width":2309,"height":885,"caption":"PTN Bili\u015fim"},"image":{"@id":"https:\/\/ptnbilisim.com\/#\/schema\/logo\/image\/"},"sameAs":["https:\/\/www.facebook.com\/Projecttechnet","https:\/\/twitter.com\/Projecttechnet","https:\/\/www.instagram.com\/Projecttechnet\/","https:\/\/www.linkedin.com\/company\/ptnbilisim\/"]}]}},"_links":{"self":[{"href":"https:\/\/ptnbilisim.com\/en_us\/wp-json\/wp\/v2\/pages\/553"}],"collection":[{"href":"https:\/\/ptnbilisim.com\/en_us\/wp-json\/wp\/v2\/pages"}],"about":[{"href":"https:\/\/ptnbilisim.com\/en_us\/wp-json\/wp\/v2\/types\/page"}],"author":[{"embeddable":true,"href":"https:\/\/ptnbilisim.com\/en_us\/wp-json\/wp\/v2\/users\/1"}],"replies":[{"embeddable":true,"href":"https:\/\/ptnbilisim.com\/en_us\/wp-json\/wp\/v2\/comments?post=553"}],"version-history":[{"count":5,"href":"https:\/\/ptnbilisim.com\/en_us\/wp-json\/wp\/v2\/pages\/553\/revisions"}],"predecessor-version":[{"id":777,"href":"https:\/\/ptnbilisim.com\/en_us\/wp-json\/wp\/v2\/pages\/553\/revisions\/777"}],"up":[{"embeddable":true,"href":"https:\/\/ptnbilisim.com\/en_us\/wp-json\/wp\/v2\/pages\/82"}],"wp:featuredmedia":[{"embeddable":true,"href":"https:\/\/ptnbilisim.com\/en_us\/wp-json\/wp\/v2\/media\/515"}],"wp:attachment":[{"href":"https:\/\/ptnbilisim.com\/en_us\/wp-json\/wp\/v2\/media?parent=553"}],"curies":[{"name":"wp","href":"https:\/\/api.w.org\/{rel}","templated":true}]}}