{"id":329,"date":"2021-09-13T13:06:59","date_gmt":"2021-09-13T10:06:59","guid":{"rendered":"http:\/\/ptnbilisim.com\/?page_id=329"},"modified":"2021-12-18T11:03:08","modified_gmt":"2021-12-18T08:03:08","slug":"referanslarimiz","status":"publish","type":"page","link":"https:\/\/ptnbilisim.com\/en_us\/referanslarimiz\/","title":{"rendered":"Our references"},"content":{"rendered":"<div class=\"wp-block-themeisle-blocks-advanced-columns has-1-columns has-desktop-equal-layout has-tablet-equal-layout has-mobile-equal-layout has-default-gap has-vertical-unset\" id=\"wp-block-themeisle-blocks-advanced-columns-5039c94a\"><div class=\"wp-block-themeisle-blocks-advanced-columns-overlay\"><\/div><div class=\"innerblocks-wrap\">\n<div class=\"wp-block-themeisle-blocks-advanced-column\" id=\"wp-block-themeisle-blocks-advanced-column-c4b2e186\">\n<h2 class=\"has-text-align-center ticss-b1c21e82\">Our references<\/h2>\n\n\n\n<div class=\"wp-container-18 wp-block-group\"><div class=\"wp-block-group__inner-container\">\n<hr class=\"wp-block-separator is-style-default\"\/>\n\n\n\n<div class=\"wp-container-5 wp-block-columns\">\n<div class=\"wp-container-1 wp-block-column\">\n<div class=\"wp-block-image\"><figure class=\"aligncenter size-full\"><img loading=\"lazy\" width=\"200\" height=\"80\" src=\"https:\/\/ptnbilisim.com\/wp-content\/uploads\/2021\/09\/ptn-bilisim-hattiteknik-musteri.png\" alt=\"\" class=\"wp-image-964\"\/><\/figure><\/div>\n\n\n\n<p class=\"has-text-align-center\"><strong>Hatti Teknik<\/strong><\/p>\n\n\n\n<p class=\"has-text-align-center\"><\/p>\n<\/div>\n\n\n\n<div class=\"wp-container-2 wp-block-column\">\n<div class=\"wp-block-image\"><figure class=\"aligncenter size-full\"><img loading=\"lazy\" width=\"200\" height=\"80\" src=\"https:\/\/ptnbilisim.com\/wp-content\/uploads\/2021\/09\/ptn-bilisim-cukurova-muhendislik-musteri.png\" alt=\"\" class=\"wp-image-963\"\/><\/figure><\/div>\n\n\n\n<p class=\"has-text-align-center\"><strong>Cukurova Engineering<\/strong><\/p>\n\n\n\n<p class=\"has-text-align-center\"><\/p>\n<\/div>\n\n\n\n<div class=\"wp-container-3 wp-block-column\">\n<div class=\"wp-block-image\"><figure class=\"aligncenter size-full\"><img loading=\"lazy\" width=\"200\" height=\"80\" src=\"https:\/\/ptnbilisim.com\/wp-content\/uploads\/2021\/09\/ptn-bilisim-acar-basim-musteri.png\" alt=\"\" class=\"wp-image-961\"\/><\/figure><\/div>\n\n\n\n<p class=\"has-text-align-center\"><strong>Acar Bas\u0131m<\/strong><\/p>\n\n\n\n<p class=\"has-text-align-center\"><\/p>\n<\/div>\n\n\n\n<div class=\"wp-container-4 wp-block-column\">\n<div class=\"wp-block-image\"><figure class=\"aligncenter size-full\"><img loading=\"lazy\" width=\"200\" height=\"80\" src=\"https:\/\/ptnbilisim.com\/wp-content\/uploads\/2021\/09\/ptn-bilisim-marnak-lojistik-musteri.png\" alt=\"\" class=\"wp-image-968\"\/><\/figure><\/div>\n\n\n\n<p class=\"has-text-align-center\"><strong>Marnak Logistics<\/strong><\/p>\n\n\n\n<p class=\"has-text-align-center\"><\/p>\n<\/div>\n<\/div>\n\n\n\n<div class=\"wp-container-10 wp-block-columns\">\n<div class=\"wp-container-6 wp-block-column\">\n<div class=\"wp-block-image\"><figure class=\"aligncenter size-full\"><img loading=\"lazy\" width=\"200\" height=\"80\" src=\"https:\/\/ptnbilisim.com\/wp-content\/uploads\/2021\/09\/ptn-bilisim-hotelinnovativ-musteri.png\" alt=\"\" class=\"wp-image-965\"\/><\/figure><\/div>\n\n\n\n<p class=\"has-text-align-center\"><strong>Hotelinnovativ<\/strong><\/p>\n\n\n\n<p class=\"has-text-align-center\"><\/p>\n<\/div>\n\n\n\n<div class=\"wp-container-7 wp-block-column\">\n<div class=\"wp-block-image\"><figure class=\"aligncenter size-full\"><img loading=\"lazy\" width=\"200\" height=\"80\" src=\"https:\/\/ptnbilisim.com\/wp-content\/uploads\/2021\/09\/ptn-bilisim-mepa-enerji-musteri.png\" alt=\"\" class=\"wp-image-969\"\/><\/figure><\/div>\n\n\n\n<p class=\"has-text-align-center\"><strong>Mepa Energy<\/strong><\/p>\n\n\n\n<p class=\"has-text-align-center\"><\/p>\n<\/div>\n\n\n\n<div class=\"wp-container-8 wp-block-column\">\n<div class=\"wp-block-image\"><figure class=\"aligncenter size-full\"><img loading=\"lazy\" width=\"200\" height=\"80\" src=\"https:\/\/ptnbilisim.com\/wp-content\/uploads\/2021\/09\/ptn-bilisim-yildem-muhendislik-musteri.png\" alt=\"\" class=\"wp-image-973\"\/><\/figure><\/div>\n\n\n\n<p class=\"has-text-align-center\"><strong>Yildem Engineering<\/strong><\/p>\n\n\n\n<p class=\"has-text-align-center\"><\/p>\n<\/div>\n\n\n\n<div class=\"wp-container-9 wp-block-column\">\n<div class=\"wp-block-image\"><figure class=\"aligncenter size-full\"><img loading=\"lazy\" width=\"200\" height=\"80\" src=\"https:\/\/ptnbilisim.com\/wp-content\/uploads\/2021\/09\/ptn-bilisim-ar-elektrik-musteri.png\" alt=\"\" class=\"wp-image-962\"\/><\/figure><\/div>\n\n\n\n<p class=\"has-text-align-center\"><strong>AR Electric<\/strong><\/p>\n\n\n\n<p class=\"has-text-align-center\"><\/p>\n<\/div>\n<\/div>\n\n\n\n<div class=\"wp-container-15 wp-block-columns\">\n<div class=\"wp-container-11 wp-block-column\">\n<div class=\"wp-block-image\"><figure class=\"aligncenter size-full\"><img loading=\"lazy\" width=\"200\" height=\"80\" src=\"https:\/\/ptnbilisim.com\/wp-content\/uploads\/2021\/09\/ptn-bilisim-ibisus-muhendislik-musteri.png\" alt=\"\" class=\"wp-image-967\"\/><\/figure><\/div>\n\n\n\n<p class=\"has-text-align-center\"><strong>Ibisus Engineering<\/strong><\/p>\n\n\n\n<p class=\"has-text-align-center\"><\/p>\n<\/div>\n\n\n\n<div class=\"wp-container-12 wp-block-column\">\n<div class=\"wp-block-image\"><figure class=\"aligncenter size-full\"><img loading=\"lazy\" width=\"200\" height=\"80\" src=\"https:\/\/ptnbilisim.com\/wp-content\/uploads\/2021\/09\/ptn-bilisim-panusan-elektrik-musteri.png\" alt=\"\" class=\"wp-image-972\"\/><\/figure><\/div>\n\n\n\n<p class=\"has-text-align-center\"><strong>Panusan Electric<\/strong><\/p>\n\n\n\n<p class=\"has-text-align-center\"><\/p>\n<\/div>\n\n\n\n<div class=\"wp-container-13 wp-block-column\">\n<div class=\"wp-block-image\"><figure class=\"aligncenter size-full\"><img loading=\"lazy\" width=\"200\" height=\"80\" src=\"https:\/\/ptnbilisim.com\/wp-content\/uploads\/2021\/09\/ptn-bilisim-mersin-universitesi-musteri.png\" alt=\"\" class=\"wp-image-970\"\/><\/figure><\/div>\n\n\n\n<p class=\"has-text-align-center\"><strong>Mersin University<\/strong><\/p>\n\n\n\n<p class=\"has-text-align-center\"><\/p>\n<\/div>\n\n\n\n<div class=\"wp-container-14 wp-block-column\">\n<div class=\"wp-block-image\"><figure class=\"aligncenter size-full\"><img loading=\"lazy\" width=\"200\" height=\"80\" src=\"https:\/\/ptnbilisim.com\/wp-content\/uploads\/2021\/09\/ptn-bilisim-hursan-lojistik-musteri.png\" alt=\"\" class=\"wp-image-966\"\/><\/figure><\/div>\n\n\n\n<p class=\"has-text-align-center\"><strong>Hursan Logistics<\/strong><\/p>\n\n\n\n<p class=\"has-text-align-center\"><\/p>\n<\/div>\n<\/div>\n\n\n\n<div class=\"wp-container-17 wp-block-columns\">\n<div class=\"wp-container-16 wp-block-column\">\n<div class=\"wp-block-image\"><figure class=\"aligncenter size-full\"><img loading=\"lazy\" width=\"200\" height=\"80\" src=\"https:\/\/ptnbilisim.com\/wp-content\/uploads\/2021\/09\/ptn-bilisim-outdoorturk-musteri.png\" alt=\"\" class=\"wp-image-971\"\/><\/figure><\/div>\n\n\n\n<p class=\"has-text-align-center\"><strong>Outdoorturk<\/strong><\/p>\n\n\n\n<p class=\"has-text-align-center\"><\/p>\n<\/div>\n<\/div>\n<\/div><\/div>\n<\/div>\n<\/div><\/div>","protected":false},"excerpt":{"rendered":"","protected":false},"author":1,"featured_media":0,"parent":0,"menu_order":0,"comment_status":"closed","ping_status":"closed","template":"","meta":{"neve_meta_sidebar":"","neve_meta_container":"","neve_meta_enable_content_width":"","neve_meta_content_width":0,"neve_meta_title_alignment":"","neve_meta_author_avatar":"","neve_post_elements_order":"","neve_meta_disable_header":"","neve_meta_disable_footer":"","neve_meta_disable_title":"on","_themeisle_gutenberg_block_has_review":false},"yoast_head":"<!-- This site is optimized with the Yoast SEO plugin v20.4 - https:\/\/yoast.com\/wordpress\/plugins\/seo\/ -->\n<title>Referanslar\u0131m\u0131z &raquo; PTN Bili\u015fim<\/title>\n<meta name=\"robots\" content=\"index, follow, max-snippet:-1, max-image-preview:large, max-video-preview:-1\" \/>\n<link rel=\"canonical\" href=\"https:\/\/ptnbilisim.com\/en_us\/referanslarimiz\/\" \/>\n<meta property=\"og:locale\" content=\"en_US\" \/>\n<meta property=\"og:type\" content=\"article\" \/>\n<meta property=\"og:title\" content=\"Referanslar\u0131m\u0131z &raquo; PTN Bili\u015fim\" \/>\n<meta property=\"og:url\" content=\"https:\/\/ptnbilisim.com\/en_us\/referanslarimiz\/\" \/>\n<meta property=\"og:site_name\" content=\"PTN Bili\u015fim\" \/>\n<meta property=\"article:publisher\" content=\"https:\/\/www.facebook.com\/Projecttechnet\" \/>\n<meta property=\"article:modified_time\" content=\"2021-12-18T08:03:08+00:00\" \/>\n<meta property=\"og:image\" content=\"https:\/\/ptnbilisim.com\/wp-content\/uploads\/2021\/09\/ptn-bilisim-hattiteknik-musteri.png\" \/>\n<meta name=\"twitter:card\" content=\"summary_large_image\" \/>\n<meta name=\"twitter:site\" content=\"@Projecttechnet\" \/>\n<meta name=\"twitter:label1\" content=\"Est. reading time\" \/>\n\t<meta name=\"twitter:data1\" content=\"3 minutes\" \/>\n<script type=\"application\/ld+json\" class=\"yoast-schema-graph\">{\"@context\":\"https:\/\/schema.org\",\"@graph\":[{\"@type\":\"WebPage\",\"@id\":\"https:\/\/ptnbilisim.com\/referanslarimiz\/\",\"url\":\"https:\/\/ptnbilisim.com\/referanslarimiz\/\",\"name\":\"Referanslar\u0131m\u0131z &raquo; PTN Bili\u015fim\",\"isPartOf\":{\"@id\":\"https:\/\/ptnbilisim.com\/#website\"},\"datePublished\":\"2021-09-13T10:06:59+00:00\",\"dateModified\":\"2021-12-18T08:03:08+00:00\",\"breadcrumb\":{\"@id\":\"https:\/\/ptnbilisim.com\/referanslarimiz\/#breadcrumb\"},\"inLanguage\":\"en-US\",\"potentialAction\":[{\"@type\":\"ReadAction\",\"target\":[\"https:\/\/ptnbilisim.com\/referanslarimiz\/\"]}]},{\"@type\":\"BreadcrumbList\",\"@id\":\"https:\/\/ptnbilisim.com\/referanslarimiz\/#breadcrumb\",\"itemListElement\":[{\"@type\":\"ListItem\",\"position\":1,\"name\":\"Anasayfa\",\"item\":\"https:\/\/ptnbilisim.com\/\"},{\"@type\":\"ListItem\",\"position\":2,\"name\":\"Referanslar\u0131m\u0131z\"}]},{\"@type\":\"WebSite\",\"@id\":\"https:\/\/ptnbilisim.com\/#website\",\"url\":\"https:\/\/ptnbilisim.com\/\",\"name\":\"PTN Bili\u015fim\",\"description\":\"Yar\u0131na y\u00f6nelik g\u00fcven veren bili\u015fim \u00e7\u00f6z\u00fcmleri...\",\"publisher\":{\"@id\":\"https:\/\/ptnbilisim.com\/#organization\"},\"potentialAction\":[{\"@type\":\"SearchAction\",\"target\":{\"@type\":\"EntryPoint\",\"urlTemplate\":\"https:\/\/ptnbilisim.com\/?s={search_term_string}\"},\"query-input\":\"required name=search_term_string\"}],\"inLanguage\":\"en-US\"},{\"@type\":\"Organization\",\"@id\":\"https:\/\/ptnbilisim.com\/#organization\",\"name\":\"PTN Bili\u015fim\",\"url\":\"https:\/\/ptnbilisim.com\/\",\"logo\":{\"@type\":\"ImageObject\",\"inLanguage\":\"en-US\",\"@id\":\"https:\/\/ptnbilisim.com\/#\/schema\/logo\/image\/\",\"url\":\"https:\/\/i2.wp.com\/ptnbilisim.com\/wp-content\/uploads\/2021\/09\/PTN-Bilisim-Logo.png?fit=2309%2C885&ssl=1\",\"contentUrl\":\"https:\/\/i2.wp.com\/ptnbilisim.com\/wp-content\/uploads\/2021\/09\/PTN-Bilisim-Logo.png?fit=2309%2C885&ssl=1\",\"width\":2309,\"height\":885,\"caption\":\"PTN Bili\u015fim\"},\"image\":{\"@id\":\"https:\/\/ptnbilisim.com\/#\/schema\/logo\/image\/\"},\"sameAs\":[\"https:\/\/www.facebook.com\/Projecttechnet\",\"https:\/\/twitter.com\/Projecttechnet\",\"https:\/\/www.instagram.com\/Projecttechnet\/\",\"https:\/\/www.linkedin.com\/company\/ptnbilisim\/\"]}]}<\/script>\n<!-- \/ Yoast SEO plugin. -->","yoast_head_json":{"title":"Referanslar\u0131m\u0131z &raquo; PTN Bili\u015fim","robots":{"index":"index","follow":"follow","max-snippet":"max-snippet:-1","max-image-preview":"max-image-preview:large","max-video-preview":"max-video-preview:-1"},"canonical":"https:\/\/ptnbilisim.com\/en_us\/referanslarimiz\/","og_locale":"en_US","og_type":"article","og_title":"Referanslar\u0131m\u0131z &raquo; PTN Bili\u015fim","og_url":"https:\/\/ptnbilisim.com\/en_us\/referanslarimiz\/","og_site_name":"PTN Bili\u015fim","article_publisher":"https:\/\/www.facebook.com\/Projecttechnet","article_modified_time":"2021-12-18T08:03:08+00:00","og_image":[{"url":"https:\/\/ptnbilisim.com\/wp-content\/uploads\/2021\/09\/ptn-bilisim-hattiteknik-musteri.png"}],"twitter_card":"summary_large_image","twitter_site":"@Projecttechnet","twitter_misc":{"Est. reading time":"3 minutes"},"schema":{"@context":"https:\/\/schema.org","@graph":[{"@type":"WebPage","@id":"https:\/\/ptnbilisim.com\/referanslarimiz\/","url":"https:\/\/ptnbilisim.com\/referanslarimiz\/","name":"Referanslar\u0131m\u0131z &raquo; PTN Bili\u015fim","isPartOf":{"@id":"https:\/\/ptnbilisim.com\/#website"},"datePublished":"2021-09-13T10:06:59+00:00","dateModified":"2021-12-18T08:03:08+00:00","breadcrumb":{"@id":"https:\/\/ptnbilisim.com\/referanslarimiz\/#breadcrumb"},"inLanguage":"en-US","potentialAction":[{"@type":"ReadAction","target":["https:\/\/ptnbilisim.com\/referanslarimiz\/"]}]},{"@type":"BreadcrumbList","@id":"https:\/\/ptnbilisim.com\/referanslarimiz\/#breadcrumb","itemListElement":[{"@type":"ListItem","position":1,"name":"Anasayfa","item":"https:\/\/ptnbilisim.com\/"},{"@type":"ListItem","position":2,"name":"Referanslar\u0131m\u0131z"}]},{"@type":"WebSite","@id":"https:\/\/ptnbilisim.com\/#website","url":"https:\/\/ptnbilisim.com\/","name":"PTN Bili\u015fim","description":"Yar\u0131na y\u00f6nelik g\u00fcven veren bili\u015fim \u00e7\u00f6z\u00fcmleri...","publisher":{"@id":"https:\/\/ptnbilisim.com\/#organization"},"potentialAction":[{"@type":"SearchAction","target":{"@type":"EntryPoint","urlTemplate":"https:\/\/ptnbilisim.com\/?s={search_term_string}"},"query-input":"required name=search_term_string"}],"inLanguage":"en-US"},{"@type":"Organization","@id":"https:\/\/ptnbilisim.com\/#organization","name":"PTN Bili\u015fim","url":"https:\/\/ptnbilisim.com\/","logo":{"@type":"ImageObject","inLanguage":"en-US","@id":"https:\/\/ptnbilisim.com\/#\/schema\/logo\/image\/","url":"https:\/\/i2.wp.com\/ptnbilisim.com\/wp-content\/uploads\/2021\/09\/PTN-Bilisim-Logo.png?fit=2309%2C885&ssl=1","contentUrl":"https:\/\/i2.wp.com\/ptnbilisim.com\/wp-content\/uploads\/2021\/09\/PTN-Bilisim-Logo.png?fit=2309%2C885&ssl=1","width":2309,"height":885,"caption":"PTN Bili\u015fim"},"image":{"@id":"https:\/\/ptnbilisim.com\/#\/schema\/logo\/image\/"},"sameAs":["https:\/\/www.facebook.com\/Projecttechnet","https:\/\/twitter.com\/Projecttechnet","https:\/\/www.instagram.com\/Projecttechnet\/","https:\/\/www.linkedin.com\/company\/ptnbilisim\/"]}]}},"_links":{"self":[{"href":"https:\/\/ptnbilisim.com\/en_us\/wp-json\/wp\/v2\/pages\/329"}],"collection":[{"href":"https:\/\/ptnbilisim.com\/en_us\/wp-json\/wp\/v2\/pages"}],"about":[{"href":"https:\/\/ptnbilisim.com\/en_us\/wp-json\/wp\/v2\/types\/page"}],"author":[{"embeddable":true,"href":"https:\/\/ptnbilisim.com\/en_us\/wp-json\/wp\/v2\/users\/1"}],"replies":[{"embeddable":true,"href":"https:\/\/ptnbilisim.com\/en_us\/wp-json\/wp\/v2\/comments?post=329"}],"version-history":[{"count":16,"href":"https:\/\/ptnbilisim.com\/en_us\/wp-json\/wp\/v2\/pages\/329\/revisions"}],"predecessor-version":[{"id":979,"href":"https:\/\/ptnbilisim.com\/en_us\/wp-json\/wp\/v2\/pages\/329\/revisions\/979"}],"wp:attachment":[{"href":"https:\/\/ptnbilisim.com\/en_us\/wp-json\/wp\/v2\/media?parent=329"}],"curies":[{"name":"wp","href":"https:\/\/api.w.org\/{rel}","templated":true}]}}