{"id":1369,"date":"2021-12-13T11:02:08","date_gmt":"2021-12-13T08:02:08","guid":{"rendered":"https:\/\/ptnbilisim.com\/?page_id=1369"},"modified":"2024-07-04T17:13:56","modified_gmt":"2024-07-04T14:13:56","slug":"acronis","status":"publish","type":"page","link":"https:\/\/ptnbilisim.com\/en_us\/hizmetlerimiz\/acronis\/","title":{"rendered":"Acronis Sales and Technical Support"},"content":{"rendered":"<div id=\"wp-block-themeisle-blocks-advanced-columns-e08f5692\" class=\"wp-block-themeisle-blocks-advanced-columns has-2-columns has-desktop-oneTwo-layout has-tablet-equal-layout has-mobile-collapsedRows-layout has-vertical-unset has-default-gap\">\r\n<div class=\"wp-block-themeisle-blocks-advanced-columns-overlay\">\u00a0<\/div>\r\n<div class=\"innerblocks-wrap\">\r\n<div id=\"wp-block-themeisle-blocks-advanced-column-e5a9c308\" class=\"wp-block-themeisle-blocks-advanced-column\">\r\n<figure class=\"wp-block-image size-large is-resized\"><img loading=\"lazy\" class=\"wp-image-1371\" src=\"https:\/\/ptnbilisim.com\/wp-content\/uploads\/2021\/12\/acronis-1024x1024.png\" alt=\"Acronis\" width=\"400\" height=\"400\" srcset=\"https:\/\/ptnbilisim.com\/wp-content\/uploads\/2021\/12\/acronis-1024x1024.png 1024w, https:\/\/ptnbilisim.com\/wp-content\/uploads\/2021\/12\/acronis-300x300.png 300w, https:\/\/ptnbilisim.com\/wp-content\/uploads\/2021\/12\/acronis-150x150.png 150w, https:\/\/ptnbilisim.com\/wp-content\/uploads\/2021\/12\/acronis-768x768.png 768w, https:\/\/ptnbilisim.com\/wp-content\/uploads\/2021\/12\/acronis.png 1074w\" sizes=\"(max-width: 400px) 100vw, 400px\" \/><\/figure>\r\n<\/div>\r\n\r\n\r\n\r\n<div id=\"wp-block-themeisle-blocks-advanced-column-dad75a07\" class=\"wp-block-themeisle-blocks-advanced-column\">\r\n<h2>Acronis Sales and Technical Support<\/h2>\r\n\r\n\r\n\r\n<p><strong><a href=\"https:\/\/ptnbilisim.com\/en_us\/acronis-nedir\/\" target=\"_blank\" rel=\"noreferrer noopener\">Acronis<\/a> <\/strong>We can be with you in processes such as sales and offers, maintenance services, technical support, configuration and projecting.<\/p>\r\n<p>Acronis\u2019in Gold Partneri olarak, m\u00fc\u015fterilerimize daha da geni\u015fletilmi\u015f hizmetler sunabilmekteyiz.<\/p>\r\n\r\n\r\n\r\n<p>Since 2015, <strong>PTN Bili\u015fim<\/strong> as; in local backup, cloud backup and disaster recovery (Disaster Recovery) solutions <strong><a href=\"http:\/\/acronis.com\" target=\"_blank\" rel=\"noreferrer noopener\">Acronis <\/a><\/strong>We are moving forward with.<\/p>\r\n\r\n\r\n\r\n<p>Especially in KVKK requests, the data in the cloud; necessarily within the borders of Turkey and Acronis' data center investment in Turkey. <strong>Acronis<\/strong>'s experience in backup solutions has been our reason for preference.<\/p>\r\n\r\n\r\n\r\n<p><strong>Acronis <\/strong>It helps you to back up products on physical and cloud and restore from backup. Also <strong>Acronis <\/strong>With Cyber Protect products, besides the backup solutions it provides, free of charge; Thanks to its features such as #CyberFit Score, Antivirus and Malware protection, Patch control. It has turned into a solution where you can manage both your security and backup processes from a single console.<\/p>\r\n\r\n\r\n\r\n<p>Thanks to the agents installed on the client and server, you can only back up the application when necessary. If requested; It is possible to return an e-mail from M365 mailboxes, to restore a user's rights on Active Directory, and to recover data from an instance on SQL Server.<\/p>\r\n\r\n\r\n\r\n<p>It can cause instant security vulnerabilities; see application patches, protect from ransomware, provide support with remote desktop. Most importantly, it is possible to access the reports of all these.<\/p>\r\n\r\n\r\n\r\n<p><strong>Acronis<\/strong> <strong>30 days<\/strong> with all its features <strong>free<\/strong> suitable for your infrastructure so that you can try <strong>demo<\/strong> and we can answer your questions about your use.<\/p>\r\n\r\n\r\n\r\n<p><strong>Contact: <a href=\"mailto:info@ptnbilisim.com\">info@ptnbilisim.com<\/a> &#8211; <strong><a href=\"tel: 902125885110\">+90 216 706 97 86<\/a><\/strong><\/strong> <strong><a href=\"tel: 902125885110\">+90 212 588 51 10<\/a><\/strong><\/p>\r\n<p><img loading=\"lazy\" class=\"alignnone size-medium wp-image-1897\" src=\"https:\/\/ptnbilisim.com\/wp-content\/uploads\/2024\/07\/Acronis_gold_service-provider_dark-300x78.png\" alt=\"PTN Bilisim - Acronis Gold Partner\" width=\"300\" height=\"78\" srcset=\"https:\/\/ptnbilisim.com\/wp-content\/uploads\/2024\/07\/Acronis_gold_service-provider_dark-300x78.png 300w, https:\/\/ptnbilisim.com\/wp-content\/uploads\/2024\/07\/Acronis_gold_service-provider_dark-1024x266.png 1024w, https:\/\/ptnbilisim.com\/wp-content\/uploads\/2024\/07\/Acronis_gold_service-provider_dark-768x199.png 768w, https:\/\/ptnbilisim.com\/wp-content\/uploads\/2024\/07\/Acronis_gold_service-provider_dark-18x5.png 18w, https:\/\/ptnbilisim.com\/wp-content\/uploads\/2024\/07\/Acronis_gold_service-provider_dark.png 1032w\" sizes=\"(max-width: 300px) 100vw, 300px\" \/><\/p>\r\n<\/div>\r\n<\/div>\r\n<\/div>","protected":false},"excerpt":{"rendered":"","protected":false},"author":2,"featured_media":1371,"parent":82,"menu_order":0,"comment_status":"closed","ping_status":"closed","template":"","meta":{"neve_meta_sidebar":"","neve_meta_container":"","neve_meta_enable_content_width":"off","neve_meta_content_width":100,"neve_meta_title_alignment":"","neve_meta_author_avatar":"","neve_post_elements_order":"","neve_meta_disable_header":"","neve_meta_disable_footer":"","neve_meta_disable_title":"on","_themeisle_gutenberg_block_has_review":false},"yoast_head":"<!-- This site is optimized with the Yoast SEO plugin v20.4 - https:\/\/yoast.com\/wordpress\/plugins\/seo\/ -->\n<title>Acronis Sat\u0131\u015f ve Teknik Destek &raquo; PTN Bili\u015fim<\/title>\n<meta name=\"description\" content=\"Acronis sat\u0131\u015f ve teklif, bak\u0131m hizmetleri, teknik destek, yap\u0131land\u0131rma ve projelendirme gibi s\u00fcre\u00e7lerinizde yan\u0131n\u0131zda olabiliriz.\" \/>\n<meta name=\"robots\" content=\"index, follow, max-snippet:-1, max-image-preview:large, max-video-preview:-1\" \/>\n<link rel=\"canonical\" href=\"https:\/\/ptnbilisim.com\/en_us\/hizmetlerimiz\/acronis\/\" \/>\n<meta property=\"og:locale\" content=\"en_US\" \/>\n<meta property=\"og:type\" content=\"article\" \/>\n<meta property=\"og:title\" content=\"Acronis Sat\u0131\u015f ve Teknik Destek &raquo; PTN Bili\u015fim\" \/>\n<meta property=\"og:description\" content=\"Acronis sat\u0131\u015f ve teklif, bak\u0131m hizmetleri, teknik destek, yap\u0131land\u0131rma ve projelendirme gibi s\u00fcre\u00e7lerinizde yan\u0131n\u0131zda olabiliriz.\" \/>\n<meta property=\"og:url\" content=\"https:\/\/ptnbilisim.com\/en_us\/hizmetlerimiz\/acronis\/\" \/>\n<meta property=\"og:site_name\" content=\"PTN Bili\u015fim\" \/>\n<meta property=\"article:publisher\" content=\"https:\/\/www.facebook.com\/Projecttechnet\" \/>\n<meta property=\"article:modified_time\" content=\"2024-07-04T14:13:56+00:00\" \/>\n<meta property=\"og:image\" content=\"https:\/\/ptnbilisim.com\/wp-content\/uploads\/2021\/12\/acronis.png\" \/>\n\t<meta property=\"og:image:width\" content=\"1074\" \/>\n\t<meta property=\"og:image:height\" content=\"1074\" \/>\n\t<meta property=\"og:image:type\" content=\"image\/png\" \/>\n<meta name=\"twitter:card\" content=\"summary_large_image\" \/>\n<meta name=\"twitter:site\" content=\"@Projecttechnet\" \/>\n<meta name=\"twitter:label1\" content=\"Est. reading time\" \/>\n\t<meta name=\"twitter:data1\" content=\"2 minutes\" \/>\n<script type=\"application\/ld+json\" class=\"yoast-schema-graph\">{\"@context\":\"https:\/\/schema.org\",\"@graph\":[{\"@type\":\"WebPage\",\"@id\":\"https:\/\/ptnbilisim.com\/hizmetlerimiz\/acronis\/\",\"url\":\"https:\/\/ptnbilisim.com\/hizmetlerimiz\/acronis\/\",\"name\":\"Acronis Sat\u0131\u015f ve Teknik Destek &raquo; PTN Bili\u015fim\",\"isPartOf\":{\"@id\":\"https:\/\/ptnbilisim.com\/#website\"},\"datePublished\":\"2021-12-13T08:02:08+00:00\",\"dateModified\":\"2024-07-04T14:13:56+00:00\",\"description\":\"Acronis sat\u0131\u015f ve teklif, bak\u0131m hizmetleri, teknik destek, yap\u0131land\u0131rma ve projelendirme gibi s\u00fcre\u00e7lerinizde yan\u0131n\u0131zda olabiliriz.\",\"breadcrumb\":{\"@id\":\"https:\/\/ptnbilisim.com\/hizmetlerimiz\/acronis\/#breadcrumb\"},\"inLanguage\":\"en-US\",\"potentialAction\":[{\"@type\":\"ReadAction\",\"target\":[\"https:\/\/ptnbilisim.com\/hizmetlerimiz\/acronis\/\"]}]},{\"@type\":\"BreadcrumbList\",\"@id\":\"https:\/\/ptnbilisim.com\/hizmetlerimiz\/acronis\/#breadcrumb\",\"itemListElement\":[{\"@type\":\"ListItem\",\"position\":1,\"name\":\"Anasayfa\",\"item\":\"https:\/\/ptnbilisim.com\/\"},{\"@type\":\"ListItem\",\"position\":2,\"name\":\"Hizmetlerimiz\",\"item\":\"https:\/\/ptnbilisim.com\/hizmetlerimiz\/\"},{\"@type\":\"ListItem\",\"position\":3,\"name\":\"Acronis Sat\u0131\u015f ve Teknik Destek\"}]},{\"@type\":\"WebSite\",\"@id\":\"https:\/\/ptnbilisim.com\/#website\",\"url\":\"https:\/\/ptnbilisim.com\/\",\"name\":\"PTN Bili\u015fim\",\"description\":\"Yar\u0131na y\u00f6nelik g\u00fcven veren bili\u015fim \u00e7\u00f6z\u00fcmleri...\",\"publisher\":{\"@id\":\"https:\/\/ptnbilisim.com\/#organization\"},\"potentialAction\":[{\"@type\":\"SearchAction\",\"target\":{\"@type\":\"EntryPoint\",\"urlTemplate\":\"https:\/\/ptnbilisim.com\/?s={search_term_string}\"},\"query-input\":\"required name=search_term_string\"}],\"inLanguage\":\"en-US\"},{\"@type\":\"Organization\",\"@id\":\"https:\/\/ptnbilisim.com\/#organization\",\"name\":\"PTN Bili\u015fim\",\"url\":\"https:\/\/ptnbilisim.com\/\",\"logo\":{\"@type\":\"ImageObject\",\"inLanguage\":\"en-US\",\"@id\":\"https:\/\/ptnbilisim.com\/#\/schema\/logo\/image\/\",\"url\":\"https:\/\/i2.wp.com\/ptnbilisim.com\/wp-content\/uploads\/2021\/09\/PTN-Bilisim-Logo.png?fit=2309%2C885&ssl=1\",\"contentUrl\":\"https:\/\/i2.wp.com\/ptnbilisim.com\/wp-content\/uploads\/2021\/09\/PTN-Bilisim-Logo.png?fit=2309%2C885&ssl=1\",\"width\":2309,\"height\":885,\"caption\":\"PTN Bili\u015fim\"},\"image\":{\"@id\":\"https:\/\/ptnbilisim.com\/#\/schema\/logo\/image\/\"},\"sameAs\":[\"https:\/\/www.facebook.com\/Projecttechnet\",\"https:\/\/twitter.com\/Projecttechnet\",\"https:\/\/www.instagram.com\/Projecttechnet\/\",\"https:\/\/www.linkedin.com\/company\/ptnbilisim\/\"]}]}<\/script>\n<!-- \/ Yoast SEO plugin. -->","yoast_head_json":{"title":"Acronis Sat\u0131\u015f ve Teknik Destek &raquo; PTN Bili\u015fim","description":"Acronis sat\u0131\u015f ve teklif, bak\u0131m hizmetleri, teknik destek, yap\u0131land\u0131rma ve projelendirme gibi s\u00fcre\u00e7lerinizde yan\u0131n\u0131zda olabiliriz.","robots":{"index":"index","follow":"follow","max-snippet":"max-snippet:-1","max-image-preview":"max-image-preview:large","max-video-preview":"max-video-preview:-1"},"canonical":"https:\/\/ptnbilisim.com\/en_us\/hizmetlerimiz\/acronis\/","og_locale":"en_US","og_type":"article","og_title":"Acronis Sat\u0131\u015f ve Teknik Destek &raquo; PTN Bili\u015fim","og_description":"Acronis sat\u0131\u015f ve teklif, bak\u0131m hizmetleri, teknik destek, yap\u0131land\u0131rma ve projelendirme gibi s\u00fcre\u00e7lerinizde yan\u0131n\u0131zda olabiliriz.","og_url":"https:\/\/ptnbilisim.com\/en_us\/hizmetlerimiz\/acronis\/","og_site_name":"PTN Bili\u015fim","article_publisher":"https:\/\/www.facebook.com\/Projecttechnet","article_modified_time":"2024-07-04T14:13:56+00:00","og_image":[{"width":1074,"height":1074,"url":"https:\/\/ptnbilisim.com\/wp-content\/uploads\/2021\/12\/acronis.png","type":"image\/png"}],"twitter_card":"summary_large_image","twitter_site":"@Projecttechnet","twitter_misc":{"Est. reading time":"2 minutes"},"schema":{"@context":"https:\/\/schema.org","@graph":[{"@type":"WebPage","@id":"https:\/\/ptnbilisim.com\/hizmetlerimiz\/acronis\/","url":"https:\/\/ptnbilisim.com\/hizmetlerimiz\/acronis\/","name":"Acronis Sat\u0131\u015f ve Teknik Destek &raquo; PTN Bili\u015fim","isPartOf":{"@id":"https:\/\/ptnbilisim.com\/#website"},"datePublished":"2021-12-13T08:02:08+00:00","dateModified":"2024-07-04T14:13:56+00:00","description":"Acronis sat\u0131\u015f ve teklif, bak\u0131m hizmetleri, teknik destek, yap\u0131land\u0131rma ve projelendirme gibi s\u00fcre\u00e7lerinizde yan\u0131n\u0131zda olabiliriz.","breadcrumb":{"@id":"https:\/\/ptnbilisim.com\/hizmetlerimiz\/acronis\/#breadcrumb"},"inLanguage":"en-US","potentialAction":[{"@type":"ReadAction","target":["https:\/\/ptnbilisim.com\/hizmetlerimiz\/acronis\/"]}]},{"@type":"BreadcrumbList","@id":"https:\/\/ptnbilisim.com\/hizmetlerimiz\/acronis\/#breadcrumb","itemListElement":[{"@type":"ListItem","position":1,"name":"Anasayfa","item":"https:\/\/ptnbilisim.com\/"},{"@type":"ListItem","position":2,"name":"Hizmetlerimiz","item":"https:\/\/ptnbilisim.com\/hizmetlerimiz\/"},{"@type":"ListItem","position":3,"name":"Acronis Sat\u0131\u015f ve Teknik Destek"}]},{"@type":"WebSite","@id":"https:\/\/ptnbilisim.com\/#website","url":"https:\/\/ptnbilisim.com\/","name":"PTN Bili\u015fim","description":"Yar\u0131na y\u00f6nelik g\u00fcven veren bili\u015fim \u00e7\u00f6z\u00fcmleri...","publisher":{"@id":"https:\/\/ptnbilisim.com\/#organization"},"potentialAction":[{"@type":"SearchAction","target":{"@type":"EntryPoint","urlTemplate":"https:\/\/ptnbilisim.com\/?s={search_term_string}"},"query-input":"required name=search_term_string"}],"inLanguage":"en-US"},{"@type":"Organization","@id":"https:\/\/ptnbilisim.com\/#organization","name":"PTN Bili\u015fim","url":"https:\/\/ptnbilisim.com\/","logo":{"@type":"ImageObject","inLanguage":"en-US","@id":"https:\/\/ptnbilisim.com\/#\/schema\/logo\/image\/","url":"https:\/\/i2.wp.com\/ptnbilisim.com\/wp-content\/uploads\/2021\/09\/PTN-Bilisim-Logo.png?fit=2309%2C885&ssl=1","contentUrl":"https:\/\/i2.wp.com\/ptnbilisim.com\/wp-content\/uploads\/2021\/09\/PTN-Bilisim-Logo.png?fit=2309%2C885&ssl=1","width":2309,"height":885,"caption":"PTN Bili\u015fim"},"image":{"@id":"https:\/\/ptnbilisim.com\/#\/schema\/logo\/image\/"},"sameAs":["https:\/\/www.facebook.com\/Projecttechnet","https:\/\/twitter.com\/Projecttechnet","https:\/\/www.instagram.com\/Projecttechnet\/","https:\/\/www.linkedin.com\/company\/ptnbilisim\/"]}]}},"_links":{"self":[{"href":"https:\/\/ptnbilisim.com\/en_us\/wp-json\/wp\/v2\/pages\/1369"}],"collection":[{"href":"https:\/\/ptnbilisim.com\/en_us\/wp-json\/wp\/v2\/pages"}],"about":[{"href":"https:\/\/ptnbilisim.com\/en_us\/wp-json\/wp\/v2\/types\/page"}],"author":[{"embeddable":true,"href":"https:\/\/ptnbilisim.com\/en_us\/wp-json\/wp\/v2\/users\/2"}],"replies":[{"embeddable":true,"href":"https:\/\/ptnbilisim.com\/en_us\/wp-json\/wp\/v2\/comments?post=1369"}],"version-history":[{"count":6,"href":"https:\/\/ptnbilisim.com\/en_us\/wp-json\/wp\/v2\/pages\/1369\/revisions"}],"predecessor-version":[{"id":1900,"href":"https:\/\/ptnbilisim.com\/en_us\/wp-json\/wp\/v2\/pages\/1369\/revisions\/1900"}],"up":[{"embeddable":true,"href":"https:\/\/ptnbilisim.com\/en_us\/wp-json\/wp\/v2\/pages\/82"}],"wp:featuredmedia":[{"embeddable":true,"href":"https:\/\/ptnbilisim.com\/en_us\/wp-json\/wp\/v2\/media\/1371"}],"wp:attachment":[{"href":"https:\/\/ptnbilisim.com\/en_us\/wp-json\/wp\/v2\/media?parent=1369"}],"curies":[{"name":"wp","href":"https:\/\/api.w.org\/{rel}","templated":true}]}}